{"id":20826,"date":"2016-11-09T10:12:28","date_gmt":"2016-11-09T10:12:28","guid":{"rendered":"http:\/\/www.adcor.org\/?page_id=20826"},"modified":"2023-01-17T12:07:41","modified_gmt":"2023-01-17T12:07:41","slug":"contacto","status":"publish","type":"page","link":"https:\/\/www.adcor.org\/gl\/contacto\/","title":{"rendered":"CONTACTO"},"content":{"rendered":"<p>[vc_row css_animation=&#8221;&#8221; row_type=&#8221;row&#8221; use_row_as_full_screen_section=&#8221;no&#8221; type=&#8221;full_width&#8221; angled_section=&#8221;no&#8221; text_align=&#8221;left&#8221; background_image_as_pattern=&#8221;without_pattern&#8221;][vc_column][vc_empty_space height=&#8221;80px&#8221;][\/vc_column][\/vc_row][vc_row css_animation=&#8221;&#8221; row_type=&#8221;row&#8221; use_row_as_full_screen_section=&#8221;no&#8221; type=&#8221;grid&#8221; angled_section=&#8221;no&#8221; text_align=&#8221;left&#8221; background_image_as_pattern=&#8221;without_pattern&#8221;][vc_column width=&#8221;1\/2&#8243; el_class=&#8221;full width&#8221;][vc_empty_space][vc_column_text]<\/p>\n<table style=\"width: 100%; margin-top: -40px; height: 137px;\">\n<tbody>\n<tr>\n<td style=\"width: 50%; text-align: right; padding-right: 10px;\"><span style=\"color: #cc8b3f;\"><strong>SEDE SOCIAL<\/strong><\/span><\/td>\n<td style=\"width: 50%; text-align: left; padding-left: 10px;\"><span style=\"color: #cc8b3f;\"><strong>SERVIZO RESIDENCIAL<\/strong><\/span><\/td>\n<\/tr>\n<tr>\n<td style=\"text-align: right; padding-right: 10px;\">Carretera de los Fuertes<\/td>\n<td style=\"text-align: left; padding-left: 10px;\">Carretera de los Fuertes<\/td>\n<\/tr>\n<tr>\n<td style=\"text-align: right; padding-right: 10px;\">Monte San Pedro, n\u00ba14<\/td>\n<td style=\"text-align: left; padding-left: 10px;\">Monte San Pedro, n\u00ba14<\/td>\n<\/tr>\n<tr>\n<td style=\"text-align: right; padding-right: 10px;\">15011 A Coru\u00f1a<\/td>\n<td style=\"text-align: left; padding-left: 10px;\">15011 A Coru\u00f1a<\/td>\n<\/tr>\n<tr>\n<td style=\"text-align: right; padding-right: 10px;\">Tel\u00e9fono: <strong>981 217 057<\/strong><\/td>\n<td style=\"text-align: left; padding-left: 10px;\">Tel\u00e9fono:\u00a0<strong>981 217 057<\/strong><\/td>\n<\/tr>\n<tr>\n<td style=\"text-align: right; padding-right: 10px;\"><strong>Email:\u00a0<\/strong><a href=\"mailto:fundacion@adcor.org\">fundacion@adcor.org<\/a><\/td>\n<td style=\"text-align: left; padding-left: 10px;\"><strong>Email:\u00a0<\/strong><a href=\"mailto:residencia@adcor.org\">residencia@adcor.org<\/a><\/td>\n<\/tr>\n<\/tbody>\n<\/table>\n<p>&nbsp;<\/p>\n<p>&nbsp;<\/p>\n<table style=\"width: 100%; margin-top: -40px; height: 137px;\">\n<tbody>\n<tr>\n<td style=\"width: 50%; text-align: right; padding-right: 10px;\"><span style=\"color: #cc8b3f;\"><strong>SEDE ADMINISTRATIVA<\/strong><\/span><\/td>\n<td style=\"width: 50%; text-align: left; padding-left: 10px;\"><span style=\"color: #cc8b3f;\"><strong>C.E.E.<\/strong><\/span><\/td>\n<\/tr>\n<tr>\n<td style=\"text-align: right; padding-right: 10px;\">Carretera de los Fuertes<\/td>\n<td style=\"text-align: left; padding-left: 10px;\">Dislabora Coru\u00f1a S.L.<\/td>\n<\/tr>\n<tr>\n<td style=\"text-align: right; padding-right: 10px;\">Monte San Pedro, n\u00ba14<\/td>\n<td style=\"text-align: left; padding-left: 10px;\">Enrique Dequidt Hevia, 16<\/td>\n<\/tr>\n<tr>\n<td style=\"text-align: right; padding-right: 10px;\">15011 A Coru\u00f1a<\/td>\n<td style=\"text-align: left; padding-left: 10px;\">15005 A Coru\u00f1a<\/td>\n<\/tr>\n<tr>\n<td style=\"text-align: right; padding-right: 10px;\">Tel\u00e9fono:\u00a0<strong>981 217 057<\/strong><\/td>\n<td style=\"text-align: left; padding-left: 10px;\">Tel\u00e9fono:\u00a0<strong>981 148 163<\/strong><\/td>\n<\/tr>\n<tr>\n<td style=\"text-align: right; padding-right: 10px;\"><strong>Email:\u00a0<\/strong><a href=\"mailto:fundacion@adcor.org\">fundacion@adcor.org<\/a><\/td>\n<td style=\"text-align: left; padding-left: 10px;\"><strong>Email:\u00a0<\/strong><a href=\"mailto:tienda@adcor.org\">tienda@adcor.org<\/a><\/td>\n<\/tr>\n<\/tbody>\n<\/table>\n<p>&nbsp;<\/p>\n<p>&nbsp;<\/p>\n<table style=\"width: 100%; margin-top: -40px; height: 137px;\">\n<tbody>\n<tr>\n<td style=\"width: 50%; text-align: right; padding-right: 10px;\"><span style=\"color: #cc8b3f;\"><strong>CENTRO DE D\u00cdA<\/strong><\/span><\/td>\n<td style=\"width: 50%; text-align: left; padding-left: 10px;\"><span style=\"color: #cc8b3f;\"><strong>CENTRO OCUPACIONAL 1<\/strong><\/span><\/td>\n<\/tr>\n<tr>\n<td style=\"text-align: right; padding-right: 10px;\">Vereda do Polvor\u00edn, 2, 4\u00aa planta<\/td>\n<td style=\"text-align: left; padding-left: 10px;\">Enrique Dequidt Hevia, 16<\/td>\n<\/tr>\n<tr>\n<td style=\"text-align: right; padding-right: 10px;\">15002 A Coru\u00f1a<\/td>\n<td style=\"text-align: left; padding-left: 10px;\">15005 A Coru\u00f1a<\/td>\n<\/tr>\n<tr>\n<td style=\"text-align: right; padding-right: 10px;\">Tel\u00e9fono:<strong> 981 202 390<\/strong><\/td>\n<td style=\"text-align: left; padding-left: 10px;\">Tel\u00e9fono: <strong>981 148 163<\/strong><\/td>\n<\/tr>\n<tr>\n<td style=\"text-align: right; padding-right: 10px;\"><strong>Email:\u00a0<\/strong><a href=\"mailto:cdia@adcor.org\">cdia@adcor.org<\/a><\/td>\n<td style=\"text-align: left; padding-left: 10px;\"><strong>Email:\u00a0<\/strong><a href=\"mailto:ocupacional1@adcor.org\">ocupacional1@adcor.org<\/a><\/td>\n<\/tr>\n<\/tbody>\n<\/table>\n<p>&nbsp;<\/p>\n<p>&nbsp;<\/p>\n<table style=\"width: 100%; margin-top: -40px; height: 137px;\">\n<tbody>\n<tr>\n<td style=\"width: 50%; text-align: right; padding-right: 10px;\"><span style=\"color: #cc8b3f;\"><strong>PISOS TUTELADOS<\/strong><\/span><\/td>\n<td style=\"width: 50%; text-align: left; padding-left: 10px;\"><span style=\"color: #cc8b3f;\"><strong>CENTRO OCUPACIONAL 2<\/strong><\/span><\/td>\n<\/tr>\n<tr>\n<td style=\"text-align: right; padding-right: 10px;\"><strong>Email:\u00a0<\/strong><a href=\"mailto:pisos@adcor.org\">pisos@adcor.org<\/a><\/td>\n<td style=\"text-align: left; padding-left: 10px;\">Sim\u00f3n Bolivar, 17<\/td>\n<\/tr>\n<tr>\n<td style=\"text-align: right; padding-right: 10px;\"><\/td>\n<td style=\"text-align: left; padding-left: 10px;\">15011 A Coru\u00f1a<\/td>\n<\/tr>\n<tr>\n<td style=\"text-align: right; padding-right: 10px;\"><\/td>\n<td style=\"text-align: left; padding-left: 10px;\">Tel\u00e9fono: <strong>981 128 196<\/strong><\/td>\n<\/tr>\n<tr>\n<td style=\"text-align: right; padding-right: 10px;\"><\/td>\n<td style=\"text-align: left; padding-left: 10px;\"><strong>Email:\u00a0<\/strong><a href=\"mailto:ocupacional2@adcor.org\">ocupacional2@adcor.org<\/a><\/td>\n<\/tr>\n<\/tbody>\n<\/table>\n<p>[\/vc_column_text][\/vc_column][vc_column width=&#8221;1\/2&#8243;][vc_column_text]<\/p>\n<p style=\"text-align: center; font-size: 26px;\">Formulario de contacto<\/p>\n<p>[\/vc_column_text][vc_empty_space][vc_column_text]<div class=\"wpforms-container wpforms-container-full\" id=\"wpforms-22277\"><form id=\"wpforms-form-22277\" class=\"wpforms-validate wpforms-form wpforms-ajax-form\" data-formid=\"22277\" method=\"post\" enctype=\"multipart\/form-data\" action=\"\/gl\/wp-json\/wp\/v2\/pages\/20826\" data-token=\"a40c78762573eb53cac5e7e016533e53\"><noscript class=\"wpforms-error-noscript\">Por favor, activa JavaScript no teu navegador para completar este formulario.<\/noscript><div class=\"wpforms-field-container\"><div id=\"wpforms-22277-field_0-container\" class=\"wpforms-field wpforms-field-name\" data-field-id=\"0\"><label class=\"wpforms-field-label\" for=\"wpforms-22277-field_0\">Nome <span class=\"wpforms-required-label\">*<\/span><\/label><input type=\"text\" id=\"wpforms-22277-field_0\" class=\"wpforms-field-medium wpforms-field-required\" name=\"wpforms[fields][0]\" required><\/div><div id=\"wpforms-22277-field_8-container\" class=\"wpforms-field wpforms-field-text\" data-field-id=\"8\"><label class=\"wpforms-field-label\" for=\"wpforms-22277-field_8\">Tel\u00e9fono de contacto <span class=\"wpforms-required-label\">*<\/span><\/label><input type=\"text\" id=\"wpforms-22277-field_8\" class=\"wpforms-field-medium wpforms-field-required\" name=\"wpforms[fields][8]\" required><\/div><div id=\"wpforms-22277-field_1-container\" class=\"wpforms-field wpforms-field-email\" data-field-id=\"1\"><label class=\"wpforms-field-label\" for=\"wpforms-22277-field_1\">Correo electr\u00f3nico <span class=\"wpforms-required-label\">*<\/span><\/label><input type=\"email\" id=\"wpforms-22277-field_1\" class=\"wpforms-field-medium wpforms-field-required\" name=\"wpforms[fields][1]\" spellcheck=\"false\" required><\/div><div id=\"wpforms-22277-field_7-container\" class=\"wpforms-field wpforms-field-text\" data-field-id=\"7\"><label class=\"wpforms-field-label\" for=\"wpforms-22277-field_7\">Asunto <span class=\"wpforms-required-label\">*<\/span><\/label><input type=\"text\" id=\"wpforms-22277-field_7\" class=\"wpforms-field-medium wpforms-field-required\" name=\"wpforms[fields][7]\" required><\/div><div id=\"wpforms-22277-field_2-container\" class=\"wpforms-field wpforms-field-textarea\" data-field-id=\"2\"><label class=\"wpforms-field-label\" for=\"wpforms-22277-field_2\">Mensaxe <span class=\"wpforms-required-label\">*<\/span><\/label><textarea id=\"wpforms-22277-field_2\" class=\"wpforms-field-medium wpforms-field-required\" name=\"wpforms[fields][2]\" required><\/textarea><\/div><div id=\"wpforms-22277-field_9-container\" class=\"wpforms-field wpforms-field-checkbox\" data-field-id=\"9\"><label class=\"wpforms-field-label\" for=\"wpforms-22277-field_9\">Informaci\u00f3n sobre tratamento de datos de car\u00e1cter persoal <span class=\"wpforms-required-label\">*<\/span><\/label><ul id=\"wpforms-22277-field_9\" class=\"wpforms-field-required\"><li class=\"choice-1 depth-1\"><input type=\"checkbox\" id=\"wpforms-22277-field_9_1\" name=\"wpforms[fields][9][]\" value=\"O Responsabel do tratamento \u00e9 FUNDACI\u00d3N ADCOR  e a finalidade \u00e9 remitir informaci\u00f3n do seu interese. Pode acceder, rectificar e suprimir os datos e otros dereitos seg\u00fan informaci\u00f3n adicional que pode consultar  &lt;a href=&quot;https:\/\/www.adcor.org\/proteccion-de-datos\/#lopd&quot;&gt;aqu\u00ed.&lt;\/a&gt;\" required ><label class=\"wpforms-field-label-inline\" for=\"wpforms-22277-field_9_1\">O Responsabel do tratamento \u00e9 FUNDACI\u00d3N ADCOR  e a finalidade \u00e9 remitir informaci\u00f3n do seu interese. Pode acceder, rectificar e suprimir os datos e otros dereitos seg\u00fan informaci\u00f3n adicional que pode consultar  <a href=\"https:\/\/www.adcor.org\/proteccion-de-datos\/#lopd\">aqu\u00ed.<\/a><\/label><\/li><\/ul><\/div><\/div><!-- .wpforms-field-container --><div class=\"wpforms-submit-container\" ><input type=\"hidden\" name=\"wpforms[id]\" value=\"22277\"><input type=\"hidden\" name=\"wpforms[author]\" value=\"2\"><button type=\"submit\" name=\"wpforms[submit]\" id=\"wpforms-submit-22277\" class=\"wpforms-submit\" data-alt-text=\"Enviando...\" data-submit-text=\"Enviar\" aria-live=\"assertive\" value=\"wpforms-submit\">Enviar<\/button><img src=\"https:\/\/www.adcor.org\/wp-content\/plugins\/wpforms-lite\/assets\/images\/submit-spin.svg\" class=\"wpforms-submit-spinner\" style=\"display: none;\" width=\"26\" height=\"26\" alt=\"Cargando\"><\/div><\/form><\/div>  <!-- .wpforms-container -->[\/vc_column_text][vc_empty_space][vc_column_text]<\/p>\n<h3>ADCOR SEDE SOCIAL &#8211; CENTRO RESIDENCIAL<\/h3>\n<p>[\/vc_column_text][vc_empty_space][vc_gmaps link=&#8221;#E-8_JTNDaWZyYW1lJTIwc3JjJTNEJTIyaHR0cHMlM0ElMkYlMkZ3d3cuZ29vZ2xlLmNvbSUyRm1hcHMlMkZlbWJlZCUzRnBiJTNEJTIxMW0xNyUyMTFtMTElMjExbTMlMjExZDIyNi44NTEyNzI3ODQ3MDgzOSUyMTJkLTguNDM5MjkxNTg4NzgwOTUlMjEzZDQzLjM3NTEzNDQzNDQxNTQxJTIxMm0yJTIxMWYxNTcuMzM1MjQ3MjkxMDgwNTIlMjEyZjQ1JTIxM20yJTIxMWkxMDI0JTIxMmk3NjglMjE0ZjIwJTIxM20zJTIxMW0yJTIxMXMweGQyZTdjNGQ5YTViYTMzMSUyNTNBMHhjNGZhNWU1NDJlMzYyNGFkJTIxMnNFc3RyYWRhJTJCT3MlMkJGb3J0ZXMlMjUyQyUyQjE0JTI1MkMlMkIxNTAxMSUyQkElMkJDb3J1JTI1QzMlMjVCMWElMjE1ZTElMjEzbTIlMjExc2VzJTIxMnNlcyUyMTR2MTQ3ODY4NTE4OTU4NSUyMiUyMHdpZHRoJTNEJTIyNjAwJTIyJTIwaGVpZ2h0JTNEJTIyNDUwJTIyJTIwZnJhbWVib3JkZXIlM0QlMjIwJTIyJTIwc3R5bGUlM0QlMjJib3JkZXIlM0EwJTIyJTIwYWxsb3dmdWxsc2NyZWVuJTNFJTNDJTJGaWZyYW1lJTNF&#8221; size=&#8221;350&#8243;][vc_column_text]<\/p>\n<p style=\"text-align: center;\"><em>GPS<\/em>: 43\u00ba34&#8217;52.00&#8221;N &#8211; 8\u00ba40&#8242;<wbr \/>31.13&#8221;W<\/p>\n<p>[\/vc_column_text][vc_empty_space height=&#8221;20px&#8221;][\/vc_column][\/vc_row][vc_row css_animation=&#8221;&#8221; row_type=&#8221;row&#8221; use_row_as_full_screen_section=&#8221;no&#8221; type=&#8221;full_width&#8221; angled_section=&#8221;no&#8221; text_align=&#8221;left&#8221; background_image_as_pattern=&#8221;without_pattern&#8221;][vc_column][vc_empty_space height=&#8221;80px&#8221;][\/vc_column][\/vc_row][vc_row css_animation=&#8221;&#8221; row_type=&#8221;row&#8221; use_row_as_full_screen_section=&#8221;no&#8221; type=&#8221;full_width&#8221; angled_section=&#8221;no&#8221; text_align=&#8221;left&#8221; background_image_as_pattern=&#8221;without_pattern&#8221;][vc_column][\/vc_column][\/vc_row]<\/p>","protected":false},"excerpt":{"rendered":"<p>[vc_row css_animation=&#8221;&#8221; row_type=&#8221;row&#8221; use_row_as_full_screen_section=&#8221;no&#8221; type=&#8221;full_width&#8221; angled_section=&#8221;no&#8221; text_align=&#8221;left&#8221; background_image_as_pattern=&#8221;without_pattern&#8221;][vc_column][vc_empty_space height=&#8221;80px&#8221;][\/vc_column][\/vc_row][vc_row css_animation=&#8221;&#8221; row_type=&#8221;row&#8221; use_row_as_full_screen_section=&#8221;no&#8221; type=&#8221;grid&#8221; angled_section=&#8221;no&#8221; text_align=&#8221;left&#8221; background_image_as_pattern=&#8221;without_pattern&#8221;][vc_column width=&#8221;1\/2&#8243; el_class=&#8221;full width&#8221;][vc_empty_space][vc_column_text] SEDE SOCIAL SERVIZO RESIDENCIAL Carretera de los Fuertes Carretera de los Fuertes Monte San Pedro, n\u00ba14 Monte San Pedro, n\u00ba14 15011 A Coru\u00f1a 15011 A Coru\u00f1a&#8230;<\/p>\n","protected":false},"author":2,"featured_media":0,"parent":0,"menu_order":0,"comment_status":"closed","ping_status":"closed","template":"full_width.php","meta":{"_monsterinsights_skip_tracking":false,"_monsterinsights_sitenote_active":false,"_monsterinsights_sitenote_note":"","_monsterinsights_sitenote_category":0},"yoast_head":"<!-- This site is optimized with the Yoast SEO plugin v18.0 - https:\/\/yoast.com\/wordpress\/plugins\/seo\/ -->\n<meta name=\"robots\" content=\"index, follow, max-snippet:-1, max-image-preview:large, max-video-preview:-1\" \/>\n<link rel=\"canonical\" href=\"https:\/\/www.adcor.org\/contacto\/\" \/>\n<meta property=\"og:locale\" content=\"gl_ES\" \/>\n<meta property=\"og:type\" content=\"article\" \/>\n<meta property=\"og:title\" content=\"CONTACTO - ADCOR\" \/>\n<meta property=\"og:description\" content=\"[vc_row css_animation=&#8221;&#8221; row_type=&#8221;row&#8221; use_row_as_full_screen_section=&#8221;no&#8221; type=&#8221;full_width&#8221; angled_section=&#8221;no&#8221; text_align=&#8221;left&#8221; background_image_as_pattern=&#8221;without_pattern&#8221;][vc_column][vc_empty_space height=&#8221;80px&#8221;][\/vc_column][\/vc_row][vc_row css_animation=&#8221;&#8221; row_type=&#8221;row&#8221; use_row_as_full_screen_section=&#8221;no&#8221; type=&#8221;grid&#8221; angled_section=&#8221;no&#8221; text_align=&#8221;left&#8221; background_image_as_pattern=&#8221;without_pattern&#8221;][vc_column width=&#8221;1\/2&#8243; el_class=&#8221;full width&#8221;][vc_empty_space][vc_column_text] SEDE SOCIAL SERVIZO RESIDENCIAL Carretera de los Fuertes Carretera de los Fuertes Monte San Pedro, n\u00ba14 Monte San Pedro, n\u00ba14 15011 A Coru\u00f1a 15011 A Coru\u00f1a...\" \/>\n<meta property=\"og:url\" content=\"https:\/\/www.adcor.org\/contacto\/\" \/>\n<meta property=\"og:site_name\" content=\"ADCOR\" \/>\n<meta property=\"article:modified_time\" content=\"2023-01-17T12:07:41+00:00\" \/>\n<meta name=\"twitter:card\" content=\"summary_large_image\" \/>\n<meta name=\"twitter:label1\" content=\"Tempo de lectura\" \/>\n\t<meta name=\"twitter:data1\" content=\"4 minutos\" \/>\n<script type=\"application\/ld+json\" class=\"yoast-schema-graph\">{\"@context\":\"https:\/\/schema.org\",\"@graph\":[{\"@type\":\"WebSite\",\"@id\":\"https:\/\/www.adcor.org\/#website\",\"url\":\"https:\/\/www.adcor.org\/\",\"name\":\"ADCOR\",\"description\":\"Fundaci\u00f3n ADCOR\",\"potentialAction\":[{\"@type\":\"SearchAction\",\"target\":{\"@type\":\"EntryPoint\",\"urlTemplate\":\"https:\/\/www.adcor.org\/?s={search_term_string}\"},\"query-input\":\"required name=search_term_string\"}],\"inLanguage\":\"gl-ES\"},{\"@type\":\"WebPage\",\"@id\":\"https:\/\/www.adcor.org\/contacto\/#webpage\",\"url\":\"https:\/\/www.adcor.org\/contacto\/\",\"name\":\"CONTACTO - ADCOR\",\"isPartOf\":{\"@id\":\"https:\/\/www.adcor.org\/#website\"},\"datePublished\":\"2016-11-09T10:12:28+00:00\",\"dateModified\":\"2023-01-17T12:07:41+00:00\",\"breadcrumb\":{\"@id\":\"https:\/\/www.adcor.org\/contacto\/#breadcrumb\"},\"inLanguage\":\"gl-ES\",\"potentialAction\":[{\"@type\":\"ReadAction\",\"target\":[\"https:\/\/www.adcor.org\/contacto\/\"]}]},{\"@type\":\"BreadcrumbList\",\"@id\":\"https:\/\/www.adcor.org\/contacto\/#breadcrumb\",\"itemListElement\":[{\"@type\":\"ListItem\",\"position\":1,\"name\":\"Portada\",\"item\":\"https:\/\/www.adcor.org\/\"},{\"@type\":\"ListItem\",\"position\":2,\"name\":\"CONTACTO\"}]}]}<\/script>\n<!-- \/ Yoast SEO plugin. -->","yoast_head_json":{"robots":{"index":"index","follow":"follow","max-snippet":"max-snippet:-1","max-image-preview":"max-image-preview:large","max-video-preview":"max-video-preview:-1"},"canonical":"https:\/\/www.adcor.org\/contacto\/","og_locale":"gl_ES","og_type":"article","og_title":"CONTACTO - ADCOR","og_description":"[vc_row css_animation=&#8221;&#8221; row_type=&#8221;row&#8221; use_row_as_full_screen_section=&#8221;no&#8221; type=&#8221;full_width&#8221; angled_section=&#8221;no&#8221; text_align=&#8221;left&#8221; background_image_as_pattern=&#8221;without_pattern&#8221;][vc_column][vc_empty_space height=&#8221;80px&#8221;][\/vc_column][\/vc_row][vc_row css_animation=&#8221;&#8221; row_type=&#8221;row&#8221; use_row_as_full_screen_section=&#8221;no&#8221; type=&#8221;grid&#8221; angled_section=&#8221;no&#8221; text_align=&#8221;left&#8221; background_image_as_pattern=&#8221;without_pattern&#8221;][vc_column width=&#8221;1\/2&#8243; el_class=&#8221;full width&#8221;][vc_empty_space][vc_column_text] SEDE SOCIAL SERVIZO RESIDENCIAL Carretera de los Fuertes Carretera de los Fuertes Monte San Pedro, n\u00ba14 Monte San Pedro, n\u00ba14 15011 A Coru\u00f1a 15011 A Coru\u00f1a...","og_url":"https:\/\/www.adcor.org\/contacto\/","og_site_name":"ADCOR","article_modified_time":"2023-01-17T12:07:41+00:00","twitter_card":"summary_large_image","twitter_misc":{"Tempo de lectura":"4 minutos"},"schema":{"@context":"https:\/\/schema.org","@graph":[{"@type":"WebSite","@id":"https:\/\/www.adcor.org\/#website","url":"https:\/\/www.adcor.org\/","name":"ADCOR","description":"Fundaci\u00f3n ADCOR","potentialAction":[{"@type":"SearchAction","target":{"@type":"EntryPoint","urlTemplate":"https:\/\/www.adcor.org\/?s={search_term_string}"},"query-input":"required name=search_term_string"}],"inLanguage":"gl-ES"},{"@type":"WebPage","@id":"https:\/\/www.adcor.org\/contacto\/#webpage","url":"https:\/\/www.adcor.org\/contacto\/","name":"CONTACTO - ADCOR","isPartOf":{"@id":"https:\/\/www.adcor.org\/#website"},"datePublished":"2016-11-09T10:12:28+00:00","dateModified":"2023-01-17T12:07:41+00:00","breadcrumb":{"@id":"https:\/\/www.adcor.org\/contacto\/#breadcrumb"},"inLanguage":"gl-ES","potentialAction":[{"@type":"ReadAction","target":["https:\/\/www.adcor.org\/contacto\/"]}]},{"@type":"BreadcrumbList","@id":"https:\/\/www.adcor.org\/contacto\/#breadcrumb","itemListElement":[{"@type":"ListItem","position":1,"name":"Portada","item":"https:\/\/www.adcor.org\/"},{"@type":"ListItem","position":2,"name":"CONTACTO"}]}]}},"_links":{"self":[{"href":"https:\/\/www.adcor.org\/gl\/wp-json\/wp\/v2\/pages\/20826"}],"collection":[{"href":"https:\/\/www.adcor.org\/gl\/wp-json\/wp\/v2\/pages"}],"about":[{"href":"https:\/\/www.adcor.org\/gl\/wp-json\/wp\/v2\/types\/page"}],"author":[{"embeddable":true,"href":"https:\/\/www.adcor.org\/gl\/wp-json\/wp\/v2\/users\/2"}],"replies":[{"embeddable":true,"href":"https:\/\/www.adcor.org\/gl\/wp-json\/wp\/v2\/comments?post=20826"}],"version-history":[{"count":76,"href":"https:\/\/www.adcor.org\/gl\/wp-json\/wp\/v2\/pages\/20826\/revisions"}],"predecessor-version":[{"id":22293,"href":"https:\/\/www.adcor.org\/gl\/wp-json\/wp\/v2\/pages\/20826\/revisions\/22293"}],"wp:attachment":[{"href":"https:\/\/www.adcor.org\/gl\/wp-json\/wp\/v2\/media?parent=20826"}],"curies":[{"name":"wp","href":"https:\/\/api.w.org\/{rel}","templated":true}]}}