{"id":21190,"date":"2016-12-05T09:37:11","date_gmt":"2016-12-05T09:37:11","guid":{"rendered":"http:\/\/www.adcor.org\/?page_id=21190"},"modified":"2017-01-10T10:24:37","modified_gmt":"2017-01-10T10:24:37","slug":"politica-de-privacidad","status":"publish","type":"page","link":"https:\/\/www.adcor.org\/gl\/politica-de-privacidad\/","title":{"rendered":"Pol\u00edtica de privacidad"},"content":{"rendered":"<p>[vc_row css_animation=&#8221;&#8221; row_type=&#8221;row&#8221; use_row_as_full_screen_section=&#8221;no&#8221; type=&#8221;full_width&#8221; angled_section=&#8221;no&#8221; text_align=&#8221;left&#8221; background_image_as_pattern=&#8221;without_pattern&#8221;][vc_column][vc_empty_space][vc_column_text]<\/p>\n<h1 style=\"text-align: left;\">Informaci\u00f3n da Entidade<\/h1>\n<p>&nbsp;<\/p>\n<p>Fundaci\u00f3n ADCOR \u00e9 unha entidade sen \u00e1nimo de lucro domiciliada en Carretera de los Fuertes Monte de San Pedro, n\u00ba14 y tiene el CIF G15546484. O tel\u00e9fono de atenci\u00f3n ao p\u00fablico \u00e9 o981 217057 e o buz\u00f3n de correo electr\u00f3nico xeral \u00e9\u00a0<a href=\"fundacion@adcor.org\">fundacion@adcor.org<\/a>.<\/p>\n<p>&nbsp;<\/p>\n<h1>Obxecto da web<\/h1>\n<p>&nbsp;<\/p>\n<p>Esta Web ten como obxectivo dar a co\u00f1ecer as actividades desenvolvidas pola Fundaci\u00f3n ADCOR.<\/p>\n<p>O acceso a esta Web \u00e9 gratuito salvo o coste de conexi\u00f3n a Internet suministrado polo proveedor de acceso contratado polo usuario.<\/p>\n<p>&nbsp;<\/p>\n<h1 style=\"text-align: left;\">Pol\u00edtica de confidencialidade e privacidade<\/h1>\n<p>&nbsp;<\/p>\n<p>Todos os contidos deste portal Web (textos, imaxes, sons, animaci\u00f3ns, videos\u2026) son propiedade da Organizaci\u00f3n sen que poidan entenderse cedidos ao usuario. Calquera transmisi\u00f3n, distribuci\u00f3n, reproduci\u00f3n, comunicaci\u00f3n p\u00fablica, posta a disposici\u00f3n, transformaci\u00f3n, manipulaci\u00f3n ou almacenamento, total ou parcial, require o previo e expreso consentemento por escrito da\u00a0Fundaci\u00f3n ADCOR.<\/p>\n<p>Os nomes comerciais, marcas ou signos distintivos e dem\u00e1is elementos susceptibles de propiedade industrial son propiedade da Fundaci\u00f3n ADCOR sen que poida entenderse que o acceso \u00e1 Web atrib\u00faa ning\u00fan dereito sobre as mesmas.<\/p>\n<p>En ning\u00fan caso entenderase que, polo acceso a este portal Web, o usuario obt\u00e9n licencia ou autorizaci\u00f3n para a utilizaci\u00f3n, m\u00e1s al\u00e1 do uso estrictamente privado, de ning\u00fan contido, informaci\u00f3n ou servicio existentes no portal Web nin sobre ning\u00fan dereito relacioado con eles, especialmente os de propiedade intelectual e industrial.<\/p>\n<p>Salvo autorizaci\u00f3n expresa por escrito, non se permite o establecemento de dispositivos t\u00e9cnicos de enlace que dende p\u00e1xinas de terceiros den acceso directo \u00e1s p\u00e1xinas da Fundaci\u00f3n ADCOR.<\/p>\n<p>Este portal Web pode conter dispositivos t\u00e9cnicos de enlace(s) a p\u00e1xinas externas sobre as cales Fundaci\u00f3n ADCOR, non se responsabiliza en ning\u00fan caso nin respecto dos contidos nin respecto de calquera outro aspecto relacioado co ditas p\u00e1xinas ou o seu acceso.<\/p>\n<p>Fundaci\u00f3n ADCOR non pode garantizar a ausencia de virus inform\u00e1ticos ou de calquera outro compo\u00f1ente ou condici\u00f3n perxudicial no noso portal Web ou nos servidores que os fan dispo\u00f1ibles.<\/p>\n<p>Fundaci\u00f3n ADCOR, excl\u00fae, con toda a extensi\u00f3n permitida polo ordenamento xur\u00eddico espa\u00f1ol, calquera responsabilidade polos danos e perxuizos que acompa\u00f1en ou se deriven do uso deste portal Web.<\/p>\n<p>Fundaci\u00f3n ADCOR reservase a facultade de efectuar, en calquera momento e sen necesidade de previo aviso, modificaci\u00f3ns e actualizaci\u00f3ns da informaci\u00f3n contida na s\u00faa Web (especificaci\u00f3ns, fotograf\u00edas\u2026), da configuraci\u00f3n e presentaci\u00f3n deste e das condici\u00f3ns de acceso.<\/p>\n<p>Fundaci\u00f3n ADCOR non \u00e9 responsable de calquera dano directo ou indirecto que poida ocasionar a exactitude, veracidade ou exhaustividade de dita informaci\u00f3n, ou o uso que de el poida facerse.<\/p>\n<p>Fundaci\u00f3n ADCORreservase a facultade de almacenar as direcci\u00f3ns IP dos usuarios que acceden ao portal Web para a creaci\u00f3n de estad\u00edsticas de acceso, co\u00f1ecer os movementos dos usuarios e acumular informaci\u00f3n demogr\u00e1fica ampla en conxunto. Esta informaci\u00f3n \u00e9 almacenada o tempo m\u00e1ximo que esixe a lei.<\/p>\n<p>&nbsp;<\/p>\n<h1 style=\"text-align: left;\">Pol\u00edtica de protecci\u00f3n de datos de car\u00e1cter persoal<\/h1>\n<p>&nbsp;<\/p>\n<p>Fundaci\u00f3n ADCOR comprometese na utilizaci\u00f3n dos datos recollidos a trav\u00e9s da web a respetar a s\u00faa confidencialidade e a utilizalos dacordo coa finalidade da web, as\u00ed como a dar cumprimento a s\u00faa obriga de gardarlos e adaptar todas as medidas para evitar a alteraci\u00f3n, perda, tratamento uo acceso non autorizado, dacordo co establecido no Real Decreto 1720\/2007, de 21 de decembro, polo que aprobase o Reglamento da Lei Org\u00e1nica 15\/1999, de 13 de decembro, de protecci\u00f3n de datos de car\u00e1cter personal.<\/p>\n<p>&nbsp;<\/p>\n<p>De conformidade coa Lei Org\u00e1nica 15\/1999 de 13 de decembro, de Protecci\u00f3n de Datos de Car\u00e1cter Personal (\u201cLOPD\u201d), Fundaci\u00f3n ADCOR informalle que poder\u00e1 exercitar os dereitos de acceso, rectificaci\u00f3n, cancelaci\u00f3n e oposici\u00f3n, dirixindose a Fundaci\u00f3n ADCOR, Carretera de los Fuertes Monte de San Pedro, n\u00ba14, 15011 A Coru\u00f1a, o a la direcci\u00f3n de correo electr\u00f3nico <a href=\"fundacion@adcor.org\">fundacion@adcor.org<\/a>[\/vc_column_text][vc_empty_space][\/vc_column][\/vc_row]<\/p>","protected":false},"excerpt":{"rendered":"<p>[vc_row css_animation=&#8221;&#8221; row_type=&#8221;row&#8221; use_row_as_full_screen_section=&#8221;no&#8221; type=&#8221;full_width&#8221; angled_section=&#8221;no&#8221; text_align=&#8221;left&#8221; background_image_as_pattern=&#8221;without_pattern&#8221;][vc_column][vc_empty_space][vc_column_text] Informaci\u00f3n da Entidade &nbsp; Fundaci\u00f3n ADCOR \u00e9 unha entidade sen \u00e1nimo de lucro domiciliada en Carretera de los Fuertes Monte de San Pedro, n\u00ba14 y tiene el CIF G15546484. O tel\u00e9fono de atenci\u00f3n ao p\u00fablico \u00e9 o981&#8230;<\/p>\n","protected":false},"author":1,"featured_media":0,"parent":0,"menu_order":0,"comment_status":"closed","ping_status":"closed","template":"","meta":{"_monsterinsights_skip_tracking":false,"_monsterinsights_sitenote_active":false,"_monsterinsights_sitenote_note":"","_monsterinsights_sitenote_category":0},"yoast_head":"<!-- This site is optimized with the Yoast SEO plugin v18.0 - https:\/\/yoast.com\/wordpress\/plugins\/seo\/ -->\n<meta name=\"robots\" content=\"index, follow, max-snippet:-1, max-image-preview:large, max-video-preview:-1\" \/>\n<link rel=\"canonical\" href=\"https:\/\/www.adcor.org\/politica-de-privacidad\/\" \/>\n<meta property=\"og:locale\" content=\"gl_ES\" \/>\n<meta property=\"og:type\" content=\"article\" \/>\n<meta property=\"og:title\" content=\"Pol\u00edtica de privacidad - ADCOR\" \/>\n<meta property=\"og:description\" content=\"[vc_row css_animation=&#8221;&#8221; row_type=&#8221;row&#8221; use_row_as_full_screen_section=&#8221;no&#8221; type=&#8221;full_width&#8221; angled_section=&#8221;no&#8221; text_align=&#8221;left&#8221; background_image_as_pattern=&#8221;without_pattern&#8221;][vc_column][vc_empty_space][vc_column_text] Informaci\u00f3n da Entidade &nbsp; Fundaci\u00f3n ADCOR \u00e9 unha entidade sen \u00e1nimo de lucro domiciliada en Carretera de los Fuertes Monte de San Pedro, n\u00ba14 y tiene el CIF G15546484. O tel\u00e9fono de atenci\u00f3n ao p\u00fablico \u00e9 o981...\" \/>\n<meta property=\"og:url\" content=\"https:\/\/www.adcor.org\/politica-de-privacidad\/\" \/>\n<meta property=\"og:site_name\" content=\"ADCOR\" \/>\n<meta property=\"article:modified_time\" content=\"2017-01-10T10:24:37+00:00\" \/>\n<meta name=\"twitter:card\" content=\"summary_large_image\" \/>\n<meta name=\"twitter:label1\" content=\"Tempo de lectura\" \/>\n\t<meta name=\"twitter:data1\" content=\"8 minutos\" \/>\n<script type=\"application\/ld+json\" class=\"yoast-schema-graph\">{\"@context\":\"https:\/\/schema.org\",\"@graph\":[{\"@type\":\"WebSite\",\"@id\":\"https:\/\/www.adcor.org\/#website\",\"url\":\"https:\/\/www.adcor.org\/\",\"name\":\"ADCOR\",\"description\":\"Fundaci\u00f3n ADCOR\",\"potentialAction\":[{\"@type\":\"SearchAction\",\"target\":{\"@type\":\"EntryPoint\",\"urlTemplate\":\"https:\/\/www.adcor.org\/?s={search_term_string}\"},\"query-input\":\"required name=search_term_string\"}],\"inLanguage\":\"gl-ES\"},{\"@type\":\"WebPage\",\"@id\":\"https:\/\/www.adcor.org\/politica-de-privacidad\/#webpage\",\"url\":\"https:\/\/www.adcor.org\/politica-de-privacidad\/\",\"name\":\"Pol\u00edtica de privacidad - ADCOR\",\"isPartOf\":{\"@id\":\"https:\/\/www.adcor.org\/#website\"},\"datePublished\":\"2016-12-05T09:37:11+00:00\",\"dateModified\":\"2017-01-10T10:24:37+00:00\",\"breadcrumb\":{\"@id\":\"https:\/\/www.adcor.org\/politica-de-privacidad\/#breadcrumb\"},\"inLanguage\":\"gl-ES\",\"potentialAction\":[{\"@type\":\"ReadAction\",\"target\":[\"https:\/\/www.adcor.org\/politica-de-privacidad\/\"]}]},{\"@type\":\"BreadcrumbList\",\"@id\":\"https:\/\/www.adcor.org\/politica-de-privacidad\/#breadcrumb\",\"itemListElement\":[{\"@type\":\"ListItem\",\"position\":1,\"name\":\"Portada\",\"item\":\"https:\/\/www.adcor.org\/\"},{\"@type\":\"ListItem\",\"position\":2,\"name\":\"Pol\u00edtica de privacidad\"}]}]}<\/script>\n<!-- \/ Yoast SEO plugin. -->","yoast_head_json":{"robots":{"index":"index","follow":"follow","max-snippet":"max-snippet:-1","max-image-preview":"max-image-preview:large","max-video-preview":"max-video-preview:-1"},"canonical":"https:\/\/www.adcor.org\/politica-de-privacidad\/","og_locale":"gl_ES","og_type":"article","og_title":"Pol\u00edtica de privacidad - ADCOR","og_description":"[vc_row css_animation=&#8221;&#8221; row_type=&#8221;row&#8221; use_row_as_full_screen_section=&#8221;no&#8221; type=&#8221;full_width&#8221; angled_section=&#8221;no&#8221; text_align=&#8221;left&#8221; background_image_as_pattern=&#8221;without_pattern&#8221;][vc_column][vc_empty_space][vc_column_text] Informaci\u00f3n da Entidade &nbsp; Fundaci\u00f3n ADCOR \u00e9 unha entidade sen \u00e1nimo de lucro domiciliada en Carretera de los Fuertes Monte de San Pedro, n\u00ba14 y tiene el CIF G15546484. O tel\u00e9fono de atenci\u00f3n ao p\u00fablico \u00e9 o981...","og_url":"https:\/\/www.adcor.org\/politica-de-privacidad\/","og_site_name":"ADCOR","article_modified_time":"2017-01-10T10:24:37+00:00","twitter_card":"summary_large_image","twitter_misc":{"Tempo de lectura":"8 minutos"},"schema":{"@context":"https:\/\/schema.org","@graph":[{"@type":"WebSite","@id":"https:\/\/www.adcor.org\/#website","url":"https:\/\/www.adcor.org\/","name":"ADCOR","description":"Fundaci\u00f3n ADCOR","potentialAction":[{"@type":"SearchAction","target":{"@type":"EntryPoint","urlTemplate":"https:\/\/www.adcor.org\/?s={search_term_string}"},"query-input":"required name=search_term_string"}],"inLanguage":"gl-ES"},{"@type":"WebPage","@id":"https:\/\/www.adcor.org\/politica-de-privacidad\/#webpage","url":"https:\/\/www.adcor.org\/politica-de-privacidad\/","name":"Pol\u00edtica de privacidad - ADCOR","isPartOf":{"@id":"https:\/\/www.adcor.org\/#website"},"datePublished":"2016-12-05T09:37:11+00:00","dateModified":"2017-01-10T10:24:37+00:00","breadcrumb":{"@id":"https:\/\/www.adcor.org\/politica-de-privacidad\/#breadcrumb"},"inLanguage":"gl-ES","potentialAction":[{"@type":"ReadAction","target":["https:\/\/www.adcor.org\/politica-de-privacidad\/"]}]},{"@type":"BreadcrumbList","@id":"https:\/\/www.adcor.org\/politica-de-privacidad\/#breadcrumb","itemListElement":[{"@type":"ListItem","position":1,"name":"Portada","item":"https:\/\/www.adcor.org\/"},{"@type":"ListItem","position":2,"name":"Pol\u00edtica de privacidad"}]}]}},"_links":{"self":[{"href":"https:\/\/www.adcor.org\/gl\/wp-json\/wp\/v2\/pages\/21190"}],"collection":[{"href":"https:\/\/www.adcor.org\/gl\/wp-json\/wp\/v2\/pages"}],"about":[{"href":"https:\/\/www.adcor.org\/gl\/wp-json\/wp\/v2\/types\/page"}],"author":[{"embeddable":true,"href":"https:\/\/www.adcor.org\/gl\/wp-json\/wp\/v2\/users\/1"}],"replies":[{"embeddable":true,"href":"https:\/\/www.adcor.org\/gl\/wp-json\/wp\/v2\/comments?post=21190"}],"version-history":[{"count":20,"href":"https:\/\/www.adcor.org\/gl\/wp-json\/wp\/v2\/pages\/21190\/revisions"}],"predecessor-version":[{"id":21376,"href":"https:\/\/www.adcor.org\/gl\/wp-json\/wp\/v2\/pages\/21190\/revisions\/21376"}],"wp:attachment":[{"href":"https:\/\/www.adcor.org\/gl\/wp-json\/wp\/v2\/media?parent=21190"}],"curies":[{"name":"wp","href":"https:\/\/api.w.org\/{rel}","templated":true}]}}