{"id":21413,"date":"2017-03-15T16:32:34","date_gmt":"2017-03-15T16:32:34","guid":{"rendered":"http:\/\/www.adcor.org\/?page_id=21413"},"modified":"2024-07-04T08:42:57","modified_gmt":"2024-07-04T08:42:57","slug":"centro-empleo-discapacidad","status":"publish","type":"page","link":"https:\/\/www.adcor.org\/gl\/centro-empleo-discapacidad\/","title":{"rendered":"CENTRO ESPECIAL DE EMPREGO"},"content":{"rendered":"<p>[vc_row css_animation=&#8221;&#8221; row_type=&#8221;row&#8221; use_row_as_full_screen_section=&#8221;no&#8221; type=&#8221;grid&#8221; angled_section=&#8221;no&#8221; text_align=&#8221;left&#8221; background_image_as_pattern=&#8221;without_pattern&#8221; background_color=&#8221;#ffffff&#8221; padding_top=&#8221;85&#8243; padding_bottom=&#8221;90&#8243;][vc_column width=&#8221;1\/6&#8243;][vc_column_text]<br \/>\n[\/vc_column_text][\/vc_column][vc_column width=&#8221;2\/3&#8243;][vc_separator type=&#8221;transparent&#8221; up=&#8221;90&#8243; down=&#8221;0&#8243;][vc_column_text]<\/p>\n<p style=\"text-align: justify;\"><strong>A Fundaci\u00f3n ADCOR<\/strong> constit\u00fae o 31 de marzo de 2000 unha sociedade de responsabilidade limitada unipersoal denominada <strong>Dislabora Coru\u00f1a S.L.U.<\/strong> co seguinte obxecto social: A sociedade ten por obxecto os traballos de manipulaci\u00f3n, transformaci\u00f3n e comercializaci\u00f3n de produtos de marroquiner\u00eda, as\u00ed como a prestaci\u00f3n de servizos de asesoramento, servizos auxiliares de limpeza, mantemento, xardiner\u00eda, coci\u00f1a e catering.<\/p>\n<p>&nbsp;<\/p>\n<p style=\"text-align: justify;\">Todo iso, dando emprego a persoas con minusval\u00eda legalmente reco\u00f1ecida, coas que concertar\u00e1 contrato de traballo de acordo coa lexislaci\u00f3n vixente, de modo que o seu persoal estea constitu\u00eddo de forma que permita acceder \u00e1 cualificaci\u00f3n legal de<strong>&#8220;<\/strong><strong>Centro Especial de Emprego<strong>&#8220;<\/strong><\/strong> e \u00e1s axudas que por tal concepto lle correspondan.<\/p>\n<p>[\/vc_column_text][vc_separator type=&#8221;transparent&#8221; up=&#8221;45&#8243;][\/vc_column][vc_column width=&#8221;1\/6&#8243;][vc_column_text]<br \/>\n[\/vc_column_text][\/vc_column][\/vc_row][vc_row css_animation=&#8221;&#8221; row_type=&#8221;row&#8221; use_row_as_full_screen_section=&#8221;no&#8221; type=&#8221;full_width&#8221; angled_section=&#8221;no&#8221; text_align=&#8221;left&#8221; background_image_as_pattern=&#8221;without_pattern&#8221; background_color=&#8221;#f9f9f9&#8243;][vc_column css=&#8221;.vc_custom_1468829798848{padding-top: 40px !important;padding-left: 50px !important;}&#8221;][vc_column_text]<\/p>\n<h2 style=\"text-align: center; color: #c5832a; font-size: 3em; font-weight: 800;\">Traballos para persoas discapacitadas en Coru\u00f1a<\/h2>\n<div id=\"gtx-trans\" style=\"position: absolute; left: 273px; top: -10px;\">\n<div class=\"gtx-trans-icon\"><\/div>\n<\/div>\n<p>[\/vc_column_text][\/vc_column][\/vc_row][vc_row css_animation=&#8221;&#8221; row_type=&#8221;row&#8221; use_row_as_full_screen_section=&#8221;no&#8221; type=&#8221;full_width&#8221; angled_section=&#8221;no&#8221; text_align=&#8221;left&#8221; background_image_as_pattern=&#8221;without_pattern&#8221; background_color=&#8221;#f9f9f9&#8243;][vc_column css=&#8221;.vc_custom_1468829798848{padding-top: 40px !important;padding-left: 50px !important;}&#8221;][vc_empty_space][\/vc_column][\/vc_row][vc_row css_animation=&#8221;&#8221; row_type=&#8221;row&#8221; use_row_as_full_screen_section=&#8221;no&#8221; type=&#8221;grid&#8221; angled_section=&#8221;no&#8221; text_align=&#8221;center&#8221; background_image_as_pattern=&#8221;without_pattern&#8221; background_color=&#8221;#f9f9f9&#8243;][vc_column width=&#8221;1\/3&#8243; offset=&#8221;vc_hidden-sm vc_hidden-xs&#8221;][vc_column_text css=&#8221;.vc_custom_1720079030844{padding-top: 25px !important;padding-bottom: 25px !important;}&#8221;]<\/p>\n<table>\n<tbody>\n<tr>\n<td style=\"text-align: right;\"><span class='q_social_icon_holder circle_social' data-color=#ffffff data-hover-background-color=#cc8b3f data-hover-color=#ffffff><a itemprop='url' href='https:\/\/www.facebook.com\/tiendadcuero' target='_blank'><span class='fa-stack fa-lg' style='background-color: #000000;'><i class=\"qode_icon_font_awesome fa fa-facebook \" style=\"color: #ffffff;\" ><\/i><\/span><\/a><\/span><\/td>\n<td valign=\"center\">\n<h3>Tenda dCuero<\/h3>\n<\/td>\n<\/tr>\n<\/tbody>\n<\/table>\n<div id=\"gtx-trans\" style=\"position: absolute; left: 37px; top: 40px;\">\n<div class=\"gtx-trans-icon\"><\/div>\n<\/div>\n<p>[\/vc_column_text][\/vc_column][vc_column width=&#8221;1\/3&#8243; offset=&#8221;vc_hidden-sm vc_hidden-xs&#8221;][vc_column_text]<\/p>\n<table style=\"height: 113px;\" width=\"446\">\n<tbody>\n<tr>\n<td><a href=\"https:\/\/www.gudpresent.es\/\" target=\"_blank\" rel=\"noopener\"><img decoding=\"async\" class=\"aligncenter\" src=\"https:\/\/www.adcor.org\/wp-content\/uploads\/Icono-tienda-online.png\" alt=\"\" width=\"25%\" height=\"25%\" align=\"right\" \/><\/a><\/td>\n<td style=\"vertical-align: middle;\">\n<h4 style=\"text-align: left;\">Visita nosa tenda<br \/>\nonline<\/h4>\n<\/td>\n<\/tr>\n<\/tbody>\n<\/table>\n<p>[\/vc_column_text][\/vc_column][vc_column width=&#8221;1\/3&#8243; offset=&#8221;vc_hidden-sm vc_hidden-xs&#8221;][vc_column_text]<\/p>\n<table style=\"height: 92px;\" width=\"387\">\n<tbody>\n<tr>\n<td><a href=\"https:\/\/www.adcor.org\/wp-content\/uploads\/Catalogo-Productos-Adcor.pdf\" target=\"_blank\" rel=\"noopener\"><img decoding=\"async\" src=\"https:\/\/www.adcor.org\/wp-content\/uploads\/Icono-catalogo-adcor.png\" alt=\"\" width=\"30%\" height=\"30%\" align=\"right\" \/><\/a><\/td>\n<td style=\"vertical-align: middle;\">\n<h4 style=\"text-align: left;\">Descarga o noso<br \/>\ncat\u00e1logo<\/h4>\n<\/td>\n<\/tr>\n<\/tbody>\n<\/table>\n<p>[\/vc_column_text][\/vc_column][\/vc_row][vc_row css_animation=&#8221;&#8221; row_type=&#8221;row&#8221; use_row_as_full_screen_section=&#8221;no&#8221; type=&#8221;grid&#8221; angled_section=&#8221;no&#8221; text_align=&#8221;center&#8221; background_image_as_pattern=&#8221;without_pattern&#8221; background_color=&#8221;#f9f9f9&#8243;][vc_column width=&#8221;1\/6&#8243; offset=&#8221;vc_hidden-lg vc_hidden-md&#8221;][\/vc_column][vc_column width=&#8221;2\/3&#8243; offset=&#8221;vc_hidden-lg vc_hidden-md&#8221;][vc_column_text css=&#8221;.vc_custom_1720079876108{margin-left: 50px !important;padding-top: 25px !important;padding-bottom: 25px !important;}&#8221;]<\/p>\n<table>\n<tbody>\n<tr>\n<td style=\"text-align: right;\"><span class='q_social_icon_holder circle_social' data-color=#ffffff data-hover-background-color=#cc8b3f data-hover-color=#ffffff><a itemprop='url' href='https:\/\/www.facebook.com\/tiendadcuero' target='_blank'><span class='fa-stack fa-lg' style='background-color: #000000;'><i class=\"qode_icon_font_awesome fa fa-facebook \" style=\"color: #ffffff;\" ><\/i><\/span><\/a><\/span><\/td>\n<td valign=\"center\">\n<h3>Tenda dCuero<\/h3>\n<\/td>\n<\/tr>\n<\/tbody>\n<\/table>\n<div id=\"gtx-trans\" style=\"position: absolute; left: 37px; top: 40px;\">\n<div class=\"gtx-trans-icon\"><\/div>\n<\/div>\n<p>[\/vc_column_text][vc_column_text]<\/p>\n<table style=\"height: 113px;\" width=\"446\">\n<tbody>\n<tr>\n<td><a href=\"https:\/\/www.gudpresent.es\/\" target=\"_blank\" rel=\"noopener\"><img decoding=\"async\" class=\"alignright\" src=\"https:\/\/www.adcor.org\/wp-content\/uploads\/Icono-tienda-online.png\" alt=\"\" width=\"25%\" height=\"25%\" align=\"center\" \/><\/a><\/td>\n<td style=\"vertical-align: middle;\">\n<h4 style=\"text-align: left;\">Visita nosa tenda<br \/>\nonline<\/h4>\n<\/td>\n<\/tr>\n<\/tbody>\n<\/table>\n<p>[\/vc_column_text][vc_column_text]<\/p>\n<table style=\"height: 92px;\" width=\"387\">\n<tbody>\n<tr>\n<td><a href=\"https:\/\/www.adcor.org\/wp-content\/uploads\/Catalogo-Productos-Adcor.pdf\" target=\"_blank\" rel=\"noopener\"><img decoding=\"async\" src=\"https:\/\/www.adcor.org\/wp-content\/uploads\/Icono-catalogo-adcor.png\" alt=\"\" width=\"30%\" height=\"30%\" align=\"right\" \/><\/a><\/td>\n<td style=\"vertical-align: middle;\">\n<h4 style=\"text-align: left;\">Descarga o<br \/>\nnoso cat\u00e1logo<\/h4>\n<\/td>\n<\/tr>\n<\/tbody>\n<\/table>\n<p>[\/vc_column_text][\/vc_column][vc_column width=&#8221;1\/6&#8243;][\/vc_column][\/vc_row][vc_row css_animation=&#8221;&#8221; row_type=&#8221;row&#8221; use_row_as_full_screen_section=&#8221;no&#8221; type=&#8221;full_width&#8221; angled_section=&#8221;no&#8221; text_align=&#8221;left&#8221; background_image_as_pattern=&#8221;without_pattern&#8221; background_color=&#8221;#f9f9f9&#8243;][vc_column width=&#8221;1\/6&#8243; css=&#8221;.vc_custom_1468829798848{padding-top: 40px !important;padding-left: 50px !important;}&#8221;][vc_column_text]<\/p>\n<p>[\/vc_column_text][\/vc_column][vc_column width=&#8221;2\/3&#8243;][vc_gallery type=&#8221;image_grid&#8221; images=&#8221;20090,21874,20089,21873,20088,21875,20086,20085,20104,20080&#8243; img_size=&#8221;full&#8221; column_number=&#8221;5&#8243; grayscale=&#8221;no&#8221; images_space=&#8221;gallery_without_space&#8221;][vc_separator type=&#8221;transparent&#8221; up=&#8221;45&#8243;][\/vc_column][vc_column width=&#8221;1\/6&#8243;][vc_column_text]<br \/>\n[\/vc_column_text][\/vc_column][\/vc_row][vc_row css_animation=&#8221;&#8221; row_type=&#8221;row&#8221; use_row_as_full_screen_section=&#8221;no&#8221; type=&#8221;full_width&#8221; angled_section=&#8221;no&#8221; text_align=&#8221;left&#8221; background_image_as_pattern=&#8221;without_pattern&#8221; background_color=&#8221;#eaeaea&#8221;][vc_column width=&#8221;1\/6&#8243;][vc_column_text]<\/p>\n<p>[\/vc_column_text][\/vc_column][vc_column width=&#8221;2\/3&#8243;][vc_separator type=&#8221;transparent&#8221; up=&#8221;45&#8243;][vc_column_text css=&#8221;.vc_custom_1480073190687{padding-top: 25px !important;padding-bottom: 25px !important;}&#8221;]<\/p>\n<h1><\/h1>\n<h1 style=\"text-align: left;\">Servizo de Catering<\/h1>\n<p>[\/vc_column_text][vc_gallery type=&#8221;image_grid&#8221; images=&#8221;20932,20115,21877,20730,20727,21876,20731,21758,20725,20726&#8243; img_size=&#8221;full&#8221; column_number=&#8221;5&#8243; grayscale=&#8221;no&#8221; images_space=&#8221;gallery_without_space&#8221;][vc_separator type=&#8221;transparent&#8221; down=&#8221;45&#8243;][\/vc_column][vc_column width=&#8221;1\/6&#8243;][vc_column_text]<br \/>\n[\/vc_column_text][\/vc_column][\/vc_row][vc_row css_animation=&#8221;&#8221; row_type=&#8221;row&#8221; use_row_as_full_screen_section=&#8221;no&#8221; type=&#8221;full_width&#8221; angled_section=&#8221;no&#8221; text_align=&#8221;left&#8221; background_image_as_pattern=&#8221;without_pattern&#8221;][vc_column width=&#8221;1\/6&#8243;][vc_column_text]<\/p>\n<p>&nbsp;<\/p>\n<p>[\/vc_column_text][\/vc_column][vc_column width=&#8221;2\/3&#8243;][vc_separator type=&#8221;transparent&#8221; up=&#8221;45&#8243;][vc_column_text css=&#8221;.vc_custom_1480073216824{padding-top: 25px !important;padding-bottom: 25px !important;}&#8221;]<\/p>\n<h1><\/h1>\n<h1 style=\"text-align: left;\">Servizos auxiliares<\/h1>\n<p>[\/vc_column_text][vc_gallery type=&#8221;image_grid&#8221; images=&#8221;20471,20744,21879,20738,20741,20737,20743,20465,21878,21757&#8243; img_size=&#8221;full&#8221; column_number=&#8221;5&#8243; grayscale=&#8221;no&#8221; images_space=&#8221;gallery_without_space&#8221;][\/vc_column][vc_column width=&#8221;1\/6&#8243;][vc_column_text]<br \/>\n[\/vc_column_text][\/vc_column][\/vc_row]<\/p>","protected":false},"excerpt":{"rendered":"<p>[vc_row css_animation=&#8221;&#8221; row_type=&#8221;row&#8221; use_row_as_full_screen_section=&#8221;no&#8221; type=&#8221;grid&#8221; angled_section=&#8221;no&#8221; text_align=&#8221;left&#8221; background_image_as_pattern=&#8221;without_pattern&#8221; background_color=&#8221;#ffffff&#8221; padding_top=&#8221;85&#8243; padding_bottom=&#8221;90&#8243;][vc_column width=&#8221;1\/6&#8243;][vc_column_text] [\/vc_column_text][\/vc_column][vc_column width=&#8221;2\/3&#8243;][vc_separator type=&#8221;transparent&#8221; up=&#8221;90&#8243; down=&#8221;0&#8243;][vc_column_text] A Fundaci\u00f3n ADCOR constit\u00fae o 31 de marzo de 2000 unha sociedade de responsabilidade limitada unipersoal denominada Dislabora Coru\u00f1a S.L.U. co seguinte obxecto social: A sociedade ten por&#8230;<\/p>\n","protected":false},"author":2,"featured_media":0,"parent":0,"menu_order":0,"comment_status":"open","ping_status":"open","template":"full_width.php","meta":{"_monsterinsights_skip_tracking":false,"_monsterinsights_sitenote_active":false,"_monsterinsights_sitenote_note":"","_monsterinsights_sitenote_category":0},"yoast_head":"<!-- This site is optimized with the Yoast SEO plugin v18.0 - https:\/\/yoast.com\/wordpress\/plugins\/seo\/ -->\n<meta name=\"description\" content=\"En nuestro centro especial de empleo damos trabajo a personas con discapacidad intelectual en Coru\u00f1a. Tienda, servicio de catering, servicios auxiliares...\" \/>\n<meta name=\"robots\" content=\"index, follow, max-snippet:-1, max-image-preview:large, max-video-preview:-1\" \/>\n<link rel=\"canonical\" href=\"https:\/\/www.adcor.org\/centro-empleo-discapacidad\/\" \/>\n<meta property=\"og:locale\" content=\"gl_ES\" \/>\n<meta property=\"og:type\" content=\"article\" \/>\n<meta property=\"og:title\" content=\"Centro Especial de Empleo para Personas con Discapacidad en Coru\u00f1a\" \/>\n<meta property=\"og:description\" content=\"En nuestro centro especial de empleo damos trabajo a personas con discapacidad intelectual en Coru\u00f1a. Tienda, servicio de catering, servicios auxiliares...\" \/>\n<meta property=\"og:url\" content=\"https:\/\/www.adcor.org\/centro-empleo-discapacidad\/\" \/>\n<meta property=\"og:site_name\" content=\"ADCOR\" \/>\n<meta property=\"article:modified_time\" content=\"2024-07-04T08:42:57+00:00\" \/>\n<meta property=\"og:image\" content=\"https:\/\/www.adcor.org\/wp-content\/uploads\/Icono-tienda-online.png\" \/>\n<meta name=\"twitter:card\" content=\"summary_large_image\" \/>\n<meta name=\"twitter:label1\" content=\"Tempo de lectura\" \/>\n\t<meta name=\"twitter:data1\" content=\"3 minutos\" \/>\n<script type=\"application\/ld+json\" class=\"yoast-schema-graph\">{\"@context\":\"https:\/\/schema.org\",\"@graph\":[{\"@type\":\"WebSite\",\"@id\":\"https:\/\/www.adcor.org\/#website\",\"url\":\"https:\/\/www.adcor.org\/\",\"name\":\"ADCOR\",\"description\":\"Fundaci\u00f3n ADCOR\",\"potentialAction\":[{\"@type\":\"SearchAction\",\"target\":{\"@type\":\"EntryPoint\",\"urlTemplate\":\"https:\/\/www.adcor.org\/?s={search_term_string}\"},\"query-input\":\"required name=search_term_string\"}],\"inLanguage\":\"gl-ES\"},{\"@type\":\"ImageObject\",\"@id\":\"https:\/\/www.adcor.org\/centro-empleo-discapacidad\/#primaryimage\",\"inLanguage\":\"gl-ES\",\"url\":\"https:\/\/www.adcor.org\/wp-content\/uploads\/Icono-tienda-online.png\",\"contentUrl\":\"https:\/\/www.adcor.org\/wp-content\/uploads\/Icono-tienda-online.png\",\"width\":157,\"height\":157},{\"@type\":\"WebPage\",\"@id\":\"https:\/\/www.adcor.org\/centro-empleo-discapacidad\/#webpage\",\"url\":\"https:\/\/www.adcor.org\/centro-empleo-discapacidad\/\",\"name\":\"Centro Especial de Empleo para Personas con Discapacidad en Coru\u00f1a\",\"isPartOf\":{\"@id\":\"https:\/\/www.adcor.org\/#website\"},\"primaryImageOfPage\":{\"@id\":\"https:\/\/www.adcor.org\/centro-empleo-discapacidad\/#primaryimage\"},\"datePublished\":\"2017-03-15T16:32:34+00:00\",\"dateModified\":\"2024-07-04T08:42:57+00:00\",\"description\":\"En nuestro centro especial de empleo damos trabajo a personas con discapacidad intelectual en Coru\u00f1a. Tienda, servicio de catering, servicios auxiliares...\",\"breadcrumb\":{\"@id\":\"https:\/\/www.adcor.org\/centro-empleo-discapacidad\/#breadcrumb\"},\"inLanguage\":\"gl-ES\",\"potentialAction\":[{\"@type\":\"ReadAction\",\"target\":[\"https:\/\/www.adcor.org\/centro-empleo-discapacidad\/\"]}]},{\"@type\":\"BreadcrumbList\",\"@id\":\"https:\/\/www.adcor.org\/centro-empleo-discapacidad\/#breadcrumb\",\"itemListElement\":[{\"@type\":\"ListItem\",\"position\":1,\"name\":\"Portada\",\"item\":\"https:\/\/www.adcor.org\/\"},{\"@type\":\"ListItem\",\"position\":2,\"name\":\"CENTRO ESPECIAL DE EMPLEO\"}]}]}<\/script>\n<!-- \/ Yoast SEO plugin. -->","yoast_head_json":{"description":"En nuestro centro especial de empleo damos trabajo a personas con discapacidad intelectual en Coru\u00f1a. Tienda, servicio de catering, servicios auxiliares...","robots":{"index":"index","follow":"follow","max-snippet":"max-snippet:-1","max-image-preview":"max-image-preview:large","max-video-preview":"max-video-preview:-1"},"canonical":"https:\/\/www.adcor.org\/centro-empleo-discapacidad\/","og_locale":"gl_ES","og_type":"article","og_title":"Centro Especial de Empleo para Personas con Discapacidad en Coru\u00f1a","og_description":"En nuestro centro especial de empleo damos trabajo a personas con discapacidad intelectual en Coru\u00f1a. Tienda, servicio de catering, servicios auxiliares...","og_url":"https:\/\/www.adcor.org\/centro-empleo-discapacidad\/","og_site_name":"ADCOR","article_modified_time":"2024-07-04T08:42:57+00:00","og_image":[{"url":"https:\/\/www.adcor.org\/wp-content\/uploads\/Icono-tienda-online.png"}],"twitter_card":"summary_large_image","twitter_misc":{"Tempo de lectura":"3 minutos"},"schema":{"@context":"https:\/\/schema.org","@graph":[{"@type":"WebSite","@id":"https:\/\/www.adcor.org\/#website","url":"https:\/\/www.adcor.org\/","name":"ADCOR","description":"Fundaci\u00f3n ADCOR","potentialAction":[{"@type":"SearchAction","target":{"@type":"EntryPoint","urlTemplate":"https:\/\/www.adcor.org\/?s={search_term_string}"},"query-input":"required name=search_term_string"}],"inLanguage":"gl-ES"},{"@type":"ImageObject","@id":"https:\/\/www.adcor.org\/centro-empleo-discapacidad\/#primaryimage","inLanguage":"gl-ES","url":"https:\/\/www.adcor.org\/wp-content\/uploads\/Icono-tienda-online.png","contentUrl":"https:\/\/www.adcor.org\/wp-content\/uploads\/Icono-tienda-online.png","width":157,"height":157},{"@type":"WebPage","@id":"https:\/\/www.adcor.org\/centro-empleo-discapacidad\/#webpage","url":"https:\/\/www.adcor.org\/centro-empleo-discapacidad\/","name":"Centro Especial de Empleo para Personas con Discapacidad en Coru\u00f1a","isPartOf":{"@id":"https:\/\/www.adcor.org\/#website"},"primaryImageOfPage":{"@id":"https:\/\/www.adcor.org\/centro-empleo-discapacidad\/#primaryimage"},"datePublished":"2017-03-15T16:32:34+00:00","dateModified":"2024-07-04T08:42:57+00:00","description":"En nuestro centro especial de empleo damos trabajo a personas con discapacidad intelectual en Coru\u00f1a. Tienda, servicio de catering, servicios auxiliares...","breadcrumb":{"@id":"https:\/\/www.adcor.org\/centro-empleo-discapacidad\/#breadcrumb"},"inLanguage":"gl-ES","potentialAction":[{"@type":"ReadAction","target":["https:\/\/www.adcor.org\/centro-empleo-discapacidad\/"]}]},{"@type":"BreadcrumbList","@id":"https:\/\/www.adcor.org\/centro-empleo-discapacidad\/#breadcrumb","itemListElement":[{"@type":"ListItem","position":1,"name":"Portada","item":"https:\/\/www.adcor.org\/"},{"@type":"ListItem","position":2,"name":"CENTRO ESPECIAL DE EMPLEO"}]}]}},"_links":{"self":[{"href":"https:\/\/www.adcor.org\/gl\/wp-json\/wp\/v2\/pages\/21413"}],"collection":[{"href":"https:\/\/www.adcor.org\/gl\/wp-json\/wp\/v2\/pages"}],"about":[{"href":"https:\/\/www.adcor.org\/gl\/wp-json\/wp\/v2\/types\/page"}],"author":[{"embeddable":true,"href":"https:\/\/www.adcor.org\/gl\/wp-json\/wp\/v2\/users\/2"}],"replies":[{"embeddable":true,"href":"https:\/\/www.adcor.org\/gl\/wp-json\/wp\/v2\/comments?post=21413"}],"version-history":[{"count":88,"href":"https:\/\/www.adcor.org\/gl\/wp-json\/wp\/v2\/pages\/21413\/revisions"}],"predecessor-version":[{"id":23181,"href":"https:\/\/www.adcor.org\/gl\/wp-json\/wp\/v2\/pages\/21413\/revisions\/23181"}],"wp:attachment":[{"href":"https:\/\/www.adcor.org\/gl\/wp-json\/wp\/v2\/media?parent=21413"}],"curies":[{"name":"wp","href":"https:\/\/api.w.org\/{rel}","templated":true}]}}