{"id":21554,"date":"2018-05-09T09:51:41","date_gmt":"2018-05-09T09:51:41","guid":{"rendered":"http:\/\/www.adcor.org\/?page_id=21554"},"modified":"2018-05-09T10:09:29","modified_gmt":"2018-05-09T10:09:29","slug":"aviso-legal","status":"publish","type":"page","link":"https:\/\/www.adcor.org\/gl\/aviso-legal\/","title":{"rendered":"Aviso legal"},"content":{"rendered":"<p>[vc_row css_animation=&#8221;&#8221; row_type=&#8221;row&#8221; use_row_as_full_screen_section=&#8221;no&#8221; type=&#8221;full_width&#8221; angled_section=&#8221;no&#8221; text_align=&#8221;left&#8221; background_image_as_pattern=&#8221;without_pattern&#8221;][vc_column][vc_empty_space][vc_column_text]<\/p>\n<h3><strong>AVISO LEGAL<\/strong><\/h3>\n<p>&nbsp;<\/p>\n<h3><strong>XERAL<\/strong><\/h3>\n<p>&nbsp;<\/p>\n<ol style=\"padding-left: 30px;\">\n<li>A utilizaci\u00f3n deste espazo web est\u00e1 suxeita \u00e1 aceptaci\u00f3n plena por parte do Usuario destas Condici\u00f3ns de Uso, ou ben daquelas que se atopen vixentes en cada momento en que o usuario acceda ao mesmo.<\/li>\n<\/ol>\n<p>&nbsp;<\/p>\n<ol style=\"padding-left: 30px;\" start=\"2\">\n<li>O titular da web \u00e9 FUNDACI\u00d3N\u00a0 ADCOR con\u00a0 CIF\u00a0 G15546484.<\/li>\n<\/ol>\n<p>&nbsp;<\/p>\n<ol style=\"padding-left: 30px;\" start=\"3\">\n<li>S\u00f3 se permite o acceso a este sitio as\u00ed como o seu uso con fins l\u00edcitos, axust\u00e1ndose en todo momento o seu uso ao presente aviso legal, a lei aplicable en cada momento, as\u00ed como a moral, bos costumes e orde p\u00fablica. FUNDACI\u00d3N\u00a0 ADCOR res\u00e9rvase o dereito para retirar o acceso a este sitio, sen necesidade de previo aviso, a calquera usuario que\u00a0 contrave\u00f1a o disposto neste aviso legal, as\u00ed como a po\u00f1er en co\u00f1ecemento das autoridades competentes a realizaci\u00f3n de actividades que puidesen ser constitutivas de delito.<\/li>\n<\/ol>\n<p>&nbsp;<\/p>\n<ol style=\"padding-left: 30px;\" start=\"4\">\n<li>FUNDACI\u00d3N\u00a0 ADCOR res\u00e9rvase o dereito unilateral de modificar en calquera momento o presente aviso legal as\u00ed coma calquera outras condici\u00f3ns xerais ou particulares que houbese na s\u00faa p\u00e1xina web. Tam\u00e9n se reserva o dereito para modificar en calquera momento a presentaci\u00f3n, configuraci\u00f3n e localizaci\u00f3n do Sitio web, as\u00ed coma os contidos e as condici\u00f3ns requiridas para utilizar os mesmos.<\/li>\n<\/ol>\n<p>&nbsp;<\/p>\n<ol style=\"padding-left: 30px;\" start=\"5\">\n<li>O Usuario reco\u00f1ece que o acceso a este sitio real\u00edzase baixo o seu libre consentimento e \u00e9 responsabilidade exclusiva s\u00faa.<\/li>\n<\/ol>\n<p>&nbsp;<\/p>\n<ol style=\"padding-left: 30px;\" start=\"6\">\n<li>FUNDACI\u00d3N\u00a0 ADCOR res\u00e9rvase o dereito de po\u00f1er en co\u00f1ecemento da Autoridade competente calquera outro uso que poida atentar contra os seus intereses ou dereitos ou poidan ser constitutivos de delito.<\/li>\n<\/ol>\n<p>&nbsp;<\/p>\n<ol style=\"padding-left: 30px;\" start=\"7\">\n<li>FUNDACI\u00d3N ADCOR se reserva el derecho a poner fin a este servicio web en cualquier momento sin m\u00e1s requisito que el aviso en el presente aviso legal con 15 d\u00edas de antelaci\u00f3n.<\/li>\n<\/ol>\n<p>&nbsp;<\/p>\n<p><strong>\u00a0<\/strong><\/p>\n<h3><strong>EXCLUSI\u00d3N DE RESPONSABILIDADE<\/strong><\/h3>\n<h3><\/h3>\n<p>&nbsp;<\/p>\n<ol style=\"padding-left: 30px;\">\n<li>FUNDACI\u00d3N\u00a0 ADCOR, non pode garantir a dispo\u00f1ibilidade permanente do servizo que ofrece este sitio, nin se fai responsable de calesquera danos e prexu\u00edzos producidos ou que poidan producirse no futuro, nin dos defectos t\u00e9cnicos, calquera que sexa a s\u00faa natureza, que se deriven do uso da informaci\u00f3n contida na Web este sitio.<\/li>\n<\/ol>\n<p>&nbsp;<\/p>\n<ol style=\"padding-left: 30px;\" start=\"2\">\n<li>No caso de que, por un ataque inform\u00e1tico, se producisen erros na informaci\u00f3n facilitada, FUNDACI\u00d3N\u00a0 ADCOR non se fai responsable de tales erros as\u00ed como dos danos causados polo uso da informaci\u00f3n derivada dos devanditos erros.<\/li>\n<\/ol>\n<p>&nbsp;<\/p>\n<ol style=\"padding-left: 30px;\" start=\"3\">\n<li>O contido desta web \u00e9 meramente informativo, non fac\u00e9ndose responsable en ning\u00fan momento acerca dos posibles erros producidos na s\u00faa presentaci\u00f3n. Se desexa informaci\u00f3n m\u00e1is detallada, p\u00f3dese po\u00f1er en contacto a trav\u00e9s da direcci\u00f3n de correo\u00a0<span style=\"color: #cc8b3f;\"><a style=\"color: #cc8b3f;\" href=\"mailto:fundacion@adcor.org\">fundacion@adcor.org<\/a>\u00a0<\/span> ou ben por tel\u00e9fono no 981 217057.<\/li>\n<\/ol>\n<p>&nbsp;<\/p>\n<ol style=\"padding-left: 30px;\" start=\"4\">\n<li>Salvo autorizaci\u00f3n expresa por escrito, non se permite o establecemento de dispositivos t\u00e9cnicos de ligaz\u00f3n que desde p\u00e1xinas de terceiros dean acceso directo \u00e1s p\u00e1xinas de Fundaci\u00f3n\u00a0 ADCOR.<\/li>\n<\/ol>\n<p>&nbsp;<\/p>\n<ol style=\"padding-left: 30px;\" start=\"5\">\n<li>Este portal Web pode conter dispositivos t\u00e9cnicos de ligaz\u00f3n( s) a p\u00e1xinas externas sobre as cales Fundaci\u00f3n\u00a0 ADCOR, non se responsabiliza en ning\u00fan caso nin respecto dos contidos nin respecto de calquera outro aspecto relacionado coas devanditas p\u00e1xinas ou o seu acceso<strong>.<\/strong><\/li>\n<\/ol>\n<p>&nbsp;<\/p>\n<ol style=\"padding-left: 30px;\" start=\"6\">\n<li>Fundaci\u00f3n\u00a0 ADCOR non pode garantir a ausencia de virus inform\u00e1ticos ou de calquera outro compo\u00f1ente ou condici\u00f3n prexudicial no noso portal Web ou nos servidores que os fan dispo\u00f1ibles.<\/li>\n<\/ol>\n<p>&nbsp;<\/p>\n<ol style=\"padding-left: 30px;\" start=\"7\">\n<li>Fundaci\u00f3n\u00a0 ADCOR non \u00e9 responsable de calquera dano directo ou indirecto que poida ocasionar a exactitude, veracidade ou\u00a0 exhaustividad da devandita informaci\u00f3n, ou o uso que del poida facerse.<\/li>\n<\/ol>\n<p>&nbsp;<\/p>\n<h3><strong>R\u00c9XIME DE PROPIEDADE INDUSTRIAL E INTELECTUAL<\/strong><\/h3>\n<h3><\/h3>\n<p>&nbsp;<\/p>\n<ol style=\"padding-left: 30px;\">\n<li>A propiedade industrial e intelectual de cantos\u00a0 logos, emblemas, ou calquera elemento incorporado no dese\u00f1o deste sitio pertence en exclusiva a FUNDACI\u00d3N\u00a0 ADCOR. O Usuario reco\u00f1ece e acepta estes dereitos. Os elementos desta web sobre os que FUNDACI\u00d3N\u00a0 ADCOR non ten dereitos de propiedade intelectual ou industrial son usados co correspondente permiso.<\/li>\n<\/ol>\n<p>&nbsp;<\/p>\n<ol style=\"padding-left: 30px;\" start=\"2\">\n<li>Queda prohibida a reproduci\u00f3n de todo ou parte do contido de www.adcor.org as\u00ed como a s\u00faa transmisi\u00f3n ou rexistrado por ning\u00fan sistema de recuperaci\u00f3n de informaci\u00f3n, en ningunha forma nin en ning\u00fan medio, a menos que se conte coa autorizaci\u00f3n previa, por escrito, de FUNDACI\u00d3N\u00a0 ADCOR.<\/li>\n<\/ol>\n<p>&nbsp;<\/p>\n<ol style=\"padding-left: 30px;\" start=\"3\">\n<li>Non est\u00e1 permitido eludir o\u00a0 copyright sobre os dereitos de FUNDACI\u00d3N\u00a0 ADCOR, as\u00ed como eludir ou tratar de eludir os sistemas que haxa ou poida haber de protecci\u00f3n dos contidos. Perm\u00edtese o dereito de cita sempre que se indique a fonte da que prov\u00e9n.<\/li>\n<\/ol>\n<p>&nbsp;<\/p>\n<ol style=\"padding-left: 30px;\" start=\"4\">\n<li>Calquera violaci\u00f3n dos dereitos de propiedade intelectual ou industrial deste portal ou os elementos de FUNDACI\u00d3N\u00a0 ADCOR, ser\u00e1 obxecto das oportunas medidas legais para lograr a protecci\u00f3n destes.<\/li>\n<\/ol>\n<p>&nbsp;<\/p>\n<h3><strong>LEXISLACI\u00d3N APLICABLE<\/strong><\/h3>\n<p>&nbsp;<\/p>\n<ol style=\"padding-left: 30px;\">\n<li>FUNDACI\u00d3N\u00a0 ADCOR informa que este sitio web at\u00f3pase aloxado en Espa\u00f1a, pa\u00eds no que ofrece os seus servizos, e por iso a \u00fanica lexislaci\u00f3n aplicable para resolver calquera conflito respecto da interpretaci\u00f3n destas cl\u00e1usulas, \u00e9 a lexislaci\u00f3n espa\u00f1ola, as\u00ed como os Tratados Internacionais que subscribise Espa\u00f1a.<\/li>\n<\/ol>\n<p>&nbsp;<\/p>\n<ol style=\"padding-left: 30px;\" start=\"2\">\n<li>Mediante a aceptaci\u00f3n do presente aviso legal, o usuario som\u00e9tese \u00e1 xurisdici\u00f3n dos Tribunais da cidade da Coru\u00f1a, para resolver calquera controversia relacionada co apartado anterior.<\/li>\n<\/ol>\n<p>&nbsp;<\/p>\n<h3><strong>COMO PO\u00d1ERSE EN CONTACTO <\/strong><\/h3>\n<p>Se desexa aclarar calquera aspecto acerca das condici\u00f3ns de uso descritas, pode dirixirse \u00e1s seguintes direcci\u00f3ns:<\/p>\n<p><span style=\"color: #cc8b3f;\"><a style=\"color: #cc8b3f;\" href=\"mailto:fundacion@adcor.org\">fundacion@adcor.org<\/a>\u00a0<\/span> se o fai a trav\u00e9s de correo electr\u00f3nico ou ben por escrito a FUNDACI\u00d3N\u00a0 ADCOR, Estrada do Fortes Monte de San Pedro,\u00a0 n\u00ba14, 15011, A Coru\u00f1a.<\/p>\n<p>&nbsp;<\/p>\n<h3><strong>DATOS IDENTIFICATIVOS DO PRESTADOR DE SERVIZOS <\/strong><\/h3>\n<p>&nbsp;<\/p>\n<p><strong>FUNDACI\u00d3N ADCOR\u00a0<\/strong> Estrada do Fortes Monte de San Pedro,\u00a0 n\u00ba14, 15011, A Coru\u00f1a.<\/p>\n<p>Telf\u00a0 +34 981 217057<\/p>\n<p><span style=\"color: #cc8b3f;\"><a style=\"color: #cc8b3f;\" href=\"mailto:fundacion@adcor.org\">fundacion@adcor.org<\/a><\/span><\/p>\n<p>Declarada de interese galego por Orde da Conseller\u00eda de Sanidade e Servizos Sociais do 25 de abril de 1996, figurando inscrita co\u00a0 n\u00famero 1996\/3.<\/p>\n<p>N\u00famero de Identificaci\u00f3n Fiscal:\u00a0 G15546484<\/p>\n<p>&nbsp;<\/p>\n<p><strong>\u00a0<\/strong>[\/vc_column_text][vc_empty_space][\/vc_column][\/vc_row]<\/p>","protected":false},"excerpt":{"rendered":"<p>[vc_row css_animation=&#8221;&#8221; row_type=&#8221;row&#8221; use_row_as_full_screen_section=&#8221;no&#8221; type=&#8221;full_width&#8221; angled_section=&#8221;no&#8221; text_align=&#8221;left&#8221; background_image_as_pattern=&#8221;without_pattern&#8221;][vc_column][vc_empty_space][vc_column_text] AVISO LEGAL &nbsp; XERAL &nbsp; A utilizaci\u00f3n deste espazo web est\u00e1 suxeita \u00e1 aceptaci\u00f3n plena por parte do Usuario destas Condici\u00f3ns de Uso, ou ben daquelas que se atopen vixentes en cada momento en que o usuario&#8230;<\/p>\n","protected":false},"author":2,"featured_media":0,"parent":0,"menu_order":0,"comment_status":"closed","ping_status":"closed","template":"","meta":{"_monsterinsights_skip_tracking":false,"_monsterinsights_sitenote_active":false,"_monsterinsights_sitenote_note":"","_monsterinsights_sitenote_category":0},"yoast_head":"<!-- This site is optimized with the Yoast SEO plugin v18.0 - https:\/\/yoast.com\/wordpress\/plugins\/seo\/ -->\n<meta name=\"robots\" content=\"index, follow, max-snippet:-1, max-image-preview:large, max-video-preview:-1\" \/>\n<link rel=\"canonical\" href=\"https:\/\/www.adcor.org\/aviso-legal\/\" \/>\n<meta property=\"og:locale\" content=\"gl_ES\" \/>\n<meta property=\"og:type\" content=\"article\" \/>\n<meta property=\"og:title\" content=\"Aviso legal - ADCOR\" \/>\n<meta property=\"og:description\" content=\"[vc_row css_animation=&#8221;&#8221; row_type=&#8221;row&#8221; use_row_as_full_screen_section=&#8221;no&#8221; type=&#8221;full_width&#8221; angled_section=&#8221;no&#8221; text_align=&#8221;left&#8221; background_image_as_pattern=&#8221;without_pattern&#8221;][vc_column][vc_empty_space][vc_column_text] AVISO LEGAL &nbsp; XERAL &nbsp; A utilizaci\u00f3n deste espazo web est\u00e1 suxeita \u00e1 aceptaci\u00f3n plena por parte do Usuario destas Condici\u00f3ns de Uso, ou ben daquelas que se atopen vixentes en cada momento en que o usuario...\" \/>\n<meta property=\"og:url\" content=\"https:\/\/www.adcor.org\/aviso-legal\/\" \/>\n<meta property=\"og:site_name\" content=\"ADCOR\" \/>\n<meta property=\"article:modified_time\" content=\"2018-05-09T10:09:29+00:00\" \/>\n<meta name=\"twitter:card\" content=\"summary_large_image\" \/>\n<meta name=\"twitter:label1\" content=\"Tempo de lectura\" \/>\n\t<meta name=\"twitter:data1\" content=\"11 minutos\" \/>\n<script type=\"application\/ld+json\" class=\"yoast-schema-graph\">{\"@context\":\"https:\/\/schema.org\",\"@graph\":[{\"@type\":\"WebSite\",\"@id\":\"https:\/\/www.adcor.org\/#website\",\"url\":\"https:\/\/www.adcor.org\/\",\"name\":\"ADCOR\",\"description\":\"Fundaci\u00f3n ADCOR\",\"potentialAction\":[{\"@type\":\"SearchAction\",\"target\":{\"@type\":\"EntryPoint\",\"urlTemplate\":\"https:\/\/www.adcor.org\/?s={search_term_string}\"},\"query-input\":\"required name=search_term_string\"}],\"inLanguage\":\"gl-ES\"},{\"@type\":\"WebPage\",\"@id\":\"https:\/\/www.adcor.org\/aviso-legal\/#webpage\",\"url\":\"https:\/\/www.adcor.org\/aviso-legal\/\",\"name\":\"Aviso legal - ADCOR\",\"isPartOf\":{\"@id\":\"https:\/\/www.adcor.org\/#website\"},\"datePublished\":\"2018-05-09T09:51:41+00:00\",\"dateModified\":\"2018-05-09T10:09:29+00:00\",\"breadcrumb\":{\"@id\":\"https:\/\/www.adcor.org\/aviso-legal\/#breadcrumb\"},\"inLanguage\":\"gl-ES\",\"potentialAction\":[{\"@type\":\"ReadAction\",\"target\":[\"https:\/\/www.adcor.org\/aviso-legal\/\"]}]},{\"@type\":\"BreadcrumbList\",\"@id\":\"https:\/\/www.adcor.org\/aviso-legal\/#breadcrumb\",\"itemListElement\":[{\"@type\":\"ListItem\",\"position\":1,\"name\":\"Portada\",\"item\":\"https:\/\/www.adcor.org\/\"},{\"@type\":\"ListItem\",\"position\":2,\"name\":\"Aviso legal\"}]}]}<\/script>\n<!-- \/ Yoast SEO plugin. -->","yoast_head_json":{"robots":{"index":"index","follow":"follow","max-snippet":"max-snippet:-1","max-image-preview":"max-image-preview:large","max-video-preview":"max-video-preview:-1"},"canonical":"https:\/\/www.adcor.org\/aviso-legal\/","og_locale":"gl_ES","og_type":"article","og_title":"Aviso legal - ADCOR","og_description":"[vc_row css_animation=&#8221;&#8221; row_type=&#8221;row&#8221; use_row_as_full_screen_section=&#8221;no&#8221; type=&#8221;full_width&#8221; angled_section=&#8221;no&#8221; text_align=&#8221;left&#8221; background_image_as_pattern=&#8221;without_pattern&#8221;][vc_column][vc_empty_space][vc_column_text] AVISO LEGAL &nbsp; XERAL &nbsp; A utilizaci\u00f3n deste espazo web est\u00e1 suxeita \u00e1 aceptaci\u00f3n plena por parte do Usuario destas Condici\u00f3ns de Uso, ou ben daquelas que se atopen vixentes en cada momento en que o usuario...","og_url":"https:\/\/www.adcor.org\/aviso-legal\/","og_site_name":"ADCOR","article_modified_time":"2018-05-09T10:09:29+00:00","twitter_card":"summary_large_image","twitter_misc":{"Tempo de lectura":"11 minutos"},"schema":{"@context":"https:\/\/schema.org","@graph":[{"@type":"WebSite","@id":"https:\/\/www.adcor.org\/#website","url":"https:\/\/www.adcor.org\/","name":"ADCOR","description":"Fundaci\u00f3n ADCOR","potentialAction":[{"@type":"SearchAction","target":{"@type":"EntryPoint","urlTemplate":"https:\/\/www.adcor.org\/?s={search_term_string}"},"query-input":"required name=search_term_string"}],"inLanguage":"gl-ES"},{"@type":"WebPage","@id":"https:\/\/www.adcor.org\/aviso-legal\/#webpage","url":"https:\/\/www.adcor.org\/aviso-legal\/","name":"Aviso legal - ADCOR","isPartOf":{"@id":"https:\/\/www.adcor.org\/#website"},"datePublished":"2018-05-09T09:51:41+00:00","dateModified":"2018-05-09T10:09:29+00:00","breadcrumb":{"@id":"https:\/\/www.adcor.org\/aviso-legal\/#breadcrumb"},"inLanguage":"gl-ES","potentialAction":[{"@type":"ReadAction","target":["https:\/\/www.adcor.org\/aviso-legal\/"]}]},{"@type":"BreadcrumbList","@id":"https:\/\/www.adcor.org\/aviso-legal\/#breadcrumb","itemListElement":[{"@type":"ListItem","position":1,"name":"Portada","item":"https:\/\/www.adcor.org\/"},{"@type":"ListItem","position":2,"name":"Aviso legal"}]}]}},"_links":{"self":[{"href":"https:\/\/www.adcor.org\/gl\/wp-json\/wp\/v2\/pages\/21554"}],"collection":[{"href":"https:\/\/www.adcor.org\/gl\/wp-json\/wp\/v2\/pages"}],"about":[{"href":"https:\/\/www.adcor.org\/gl\/wp-json\/wp\/v2\/types\/page"}],"author":[{"embeddable":true,"href":"https:\/\/www.adcor.org\/gl\/wp-json\/wp\/v2\/users\/2"}],"replies":[{"embeddable":true,"href":"https:\/\/www.adcor.org\/gl\/wp-json\/wp\/v2\/comments?post=21554"}],"version-history":[{"count":49,"href":"https:\/\/www.adcor.org\/gl\/wp-json\/wp\/v2\/pages\/21554\/revisions"}],"predecessor-version":[{"id":21627,"href":"https:\/\/www.adcor.org\/gl\/wp-json\/wp\/v2\/pages\/21554\/revisions\/21627"}],"wp:attachment":[{"href":"https:\/\/www.adcor.org\/gl\/wp-json\/wp\/v2\/media?parent=21554"}],"curies":[{"name":"wp","href":"https:\/\/api.w.org\/{rel}","templated":true}]}}