{"id":22368,"date":"2023-07-31T10:09:47","date_gmt":"2023-07-31T10:09:47","guid":{"rendered":"https:\/\/www.adcor.org\/?page_id=22368"},"modified":"2025-07-18T08:44:08","modified_gmt":"2025-07-18T08:44:08","slug":"transparencia","status":"publish","type":"page","link":"https:\/\/www.adcor.org\/gl\/transparencia\/","title":{"rendered":"TRANSPARENCIA"},"content":{"rendered":"<p>[vc_row css_animation=&#8221;&#8221; row_type=&#8221;row&#8221; use_row_as_full_screen_section=&#8221;no&#8221; type=&#8221;full_width&#8221; angled_section=&#8221;no&#8221; text_align=&#8221;left&#8221; background_image_as_pattern=&#8221;without_pattern&#8221;][vc_column][vc_column_text]<\/p>\n<p>[\/vc_column_text][\/vc_column][\/vc_row][vc_row css_animation=&#8221;&#8221; row_type=&#8221;row&#8221; use_row_as_full_screen_section=&#8221;no&#8221; type=&#8221;grid&#8221; angled_section=&#8221;no&#8221; text_align=&#8221;left&#8221; background_image_as_pattern=&#8221;without_pattern&#8221; background_color=&#8221;#ffffff&#8221; padding_top=&#8221;85&#8243; padding_bottom=&#8221;90&#8243;][vc_column][vc_column_text]<\/p>\n<h2 style=\"text-align: center;\">Transparencia<\/h2>\n<p>[\/vc_column_text][vc_separator type=&#8221;transparent&#8221; up=&#8221;90&#8243; down=&#8221;0&#8243;][qode_circles columns=&#8221;three_columns&#8221; circle_line=&#8221;no_line&#8221;][qode_circle type=&#8221;icon_type&#8221; icon=&#8221;fa-sticky-note-o&#8221; size=&#8221;fa-2x&#8221; link_target=&#8221;_blank&#8221; title_tag=&#8221;h5&#8243; title=&#8221;Normativa Aplicaci\u00f3n Fundaci\u00f3n Adcor&#8221; icon_color=&#8221;#cc8b3f&#8221; link=&#8221;https:\/\/www.adcor.org\/wp-content\/uploads\/Cuentas-Anuales-Fundacion-Adcor-2023-1.pdf&#8221;][qode_circle type=&#8221;icon_type&#8221; icon=&#8221;fa-sticky-note-o&#8221; size=&#8221;fa-2x&#8221; link_target=&#8221;_blank&#8221; title_tag=&#8221;h5&#8243; title=&#8221;Convenios Subvenciones Fundaci\u00f3n Adcor&#8221; icon_color=&#8221;#cc8b3f&#8221; link=&#8221;https:\/\/www.adcor.org\/wp-content\/uploads\/Convenios-Subvenciones-Adcor-2025.pdf&#8221;][qode_circle type=&#8221;icon_type&#8221; icon=&#8221;fa-check-square-o&#8221; size=&#8221;fa-2x&#8221; link_target=&#8221;_blank&#8221; title_tag=&#8221;h5&#8243; title=&#8221;\u00d3rgano de Gobierno y Organigrama de la Fundaci\u00f3n ADCOR&#8221; icon_color=&#8221;#cc8b3f&#8221; link=&#8221;https:\/\/www.adcor.org\/wp-content\/uploads\/organo-gobierno-organigrama-adcor.pdf&#8221;][\/qode_circles][qode_circles columns=&#8221;three_columns&#8221; circle_line=&#8221;no_line&#8221;][qode_circle type=&#8221;icon_type&#8221; icon=&#8221;fa-sticky-note-o&#8221; size=&#8221;fa-2x&#8221; link_target=&#8221;_blank&#8221; title_tag=&#8221;h5&#8243; title=&#8221;Contas Anuais e Cocientes Fundaci\u00f3n ADCOR 2024&#8243; icon_color=&#8221;#cc8b3f&#8221; link=&#8221;https:\/\/www.adcor.org\/wp-content\/uploads\/Cuentas-Anuales-y-Ratios-Adcor-2024.pdf&#8221;][qode_circle type=&#8221;icon_type&#8221; icon=&#8221;fa-sticky-note-o&#8221; size=&#8221;fa-2x&#8221; link_target=&#8221;_blank&#8221; title_tag=&#8221;h5&#8243; title=&#8221;Estatutos Fundaci\u00f3n ADCOR&#8221; icon_color=&#8221;#cc8b3f&#8221; link=&#8221;https:\/\/www.adcor.org\/wp-content\/uploads\/escritura-junio-21.pdf&#8221;][qode_circle type=&#8221;icon_type&#8221; icon=&#8221;fa-check-square-o&#8221; size=&#8221;fa-2x&#8221; link_target=&#8221;_blank&#8221; title_tag=&#8221;h5&#8243; title=&#8221;Certificado de Calidad&#8221; icon_color=&#8221;#cc8b3f&#8221; link=&#8221;https:\/\/www.adcor.org\/wp-content\/uploads\/Certificado-Calidad-1.pdf&#8221;][\/qode_circles][qode_circles columns=&#8221;three_columns&#8221; circle_line=&#8221;no_line&#8221;][qode_circle type=&#8221;icon_type&#8221; icon=&#8221;fa-sticky-note&#8221; size=&#8221;fa-2x&#8221; link_target=&#8221;_blank&#8221; title_tag=&#8221;h5&#8243; title=&#8221;Informe Transparencia Fundaci\u00f3n Lealtad&#8221; icon_color=&#8221;#cc8b3f&#8221; link=&#8221;https:\/\/www.adcor.org\/wp-content\/uploads\/Informe-transparencia-adcor-lealtad.pdf&#8221;][qode_circle type=&#8221;icon_type&#8221; icon=&#8221;fa-bookmark-o&#8221; size=&#8221;fa-2x&#8221; link_target=&#8221;_blank&#8221; title_tag=&#8221;h5&#8243; title=&#8221;Memoria de Actividades e Informe de Impacto 2024&#8243; icon_color=&#8221;#cc8b3f&#8221; link=&#8221;https:\/\/www.adcor.org\/wp-content\/uploads\/memoria-e-informe-de-impacto-2024.pdf&#8221;][qode_circle type=&#8221;icon_type&#8221; icon=&#8221;fa-book&#8221; size=&#8221;fa-2x&#8221; link_target=&#8221;_blank&#8221; title_tag=&#8221;h5&#8243; title=&#8221;Planificaci\u00f3n e Orzamentos&#8221; icon_color=&#8221;#cc8b3f&#8221; link=&#8221;https:\/\/www.adcor.org\/wp-content\/uploads\/planificacion-y-presupuesto-adcor-2025.pdf&#8221;][\/qode_circles][qode_circles columns=&#8221;three_columns&#8221; circle_line=&#8221;no_line&#8221;][qode_circle type=&#8221;icon_type&#8221; icon=&#8221;fa-sticky-note-o&#8221; size=&#8221;fa-2x&#8221; title_tag=&#8221;h5&#8243; title=&#8221;Manual de Xesti\u00f3n de Calidade&#8221; icon_color=&#8221;#cc8b3f&#8221; link=&#8221;https:\/\/www.adcor.org\/wp-content\/uploads\/Manual-de-Gestio\u0301n-de-Calidad.pdf&#8221;][qode_circle type=&#8221;icon_type&#8221; icon=&#8221;fa-check-square&#8221; size=&#8221;fa-2x&#8221; link_target=&#8221;_blank&#8221; title_tag=&#8221;h5&#8243; title=&#8221;Pol\u00edtica de avaliaci\u00f3n de provedores&#8221; icon_color=&#8221;#cc8b3f&#8221; link=&#8221;https:\/\/www.adcor.org\/wp-content\/uploads\/POLITICA-DE-EVALUACIO\u0301N-DE-PROVEEDORES.pdf&#8221;][qode_circle type=&#8221;icon_type&#8221; icon=&#8221;fa-file-text-o&#8221; size=&#8221;fa-2x&#8221; link_target=&#8221;_blank&#8221; title_tag=&#8221;h5&#8243; title=&#8221;Canle de Denuncias&#8221; icon_color=&#8221;#cc8b3f&#8221; link=&#8221;https:\/\/www.adcor.org\/wp-content\/uploads\/Protocolo-canal-de-denuncias-Fundacio\u0301n-ADCOR.pdf&#8221;][\/qode_circles][\/vc_column][\/vc_row][vc_row css_animation=&#8221;&#8221; row_type=&#8221;row&#8221; use_row_as_full_screen_section=&#8221;no&#8221; type=&#8221;full_width&#8221; angled_section=&#8221;no&#8221; text_align=&#8221;left&#8221; background_image_as_pattern=&#8221;without_pattern&#8221; css=&#8221;.vc_custom_1607620053417{background-color: #ffffff !important;}&#8221;][vc_column][vc_empty_space height=&#8221;50px&#8221;][\/vc_column][\/vc_row][vc_row css_animation=&#8221;&#8221; row_type=&#8221;row&#8221; use_row_as_full_screen_section=&#8221;no&#8221; type=&#8221;full_width&#8221; angled_section=&#8221;no&#8221; text_align=&#8221;left&#8221; background_image_as_pattern=&#8221;without_pattern&#8221; background_color=&#8221;#eaeaea&#8221;][vc_column width=&#8221;1\/2&#8243;][vc_separator type=&#8221;transparent&#8221; up=&#8221;40&#8243;][vc_single_image image=&#8221;20532&#8243; img_size=&#8221;full&#8221; alignment=&#8221;right&#8221; qode_css_animation=&#8221;&#8221;][vc_separator type=&#8221;transparent&#8221; up=&#8221;40&#8243;][\/vc_column][vc_column width=&#8221;1\/3&#8243;][vc_separator type=&#8221;transparent&#8221; up=&#8221;60&#8243;][vc_column_text css=&#8221;.vc_custom_1477292752204{margin-right: 50px !important;}&#8221;]<\/p>\n<p>Un dos principais valores nos que se sustenta a actividade da Fundaci\u00f3n ADCOR \u00e9 o da Transparencia, segundo o cal, a entidade contempla na s\u00faa maneira de actuar a apertura, a rendici\u00f3n de contas, o servizo e o interese xeral.<\/p>\n<p>&nbsp;<\/p>\n<p>Por este motivo, e seguindo as directrices marcadas pola actual Lei de Transparencia, a Fundaci\u00f3n ADCOR fai p\u00fablicas na s\u00faa web as cifras, distribuci\u00f3n e resultados da s\u00faa xesti\u00f3n econ\u00f3mica e das s\u00faas actividades principais.<\/p>\n<p>&nbsp;<\/p>\n<p style=\"text-align: left;\">Na Fundaci\u00f3n ADCOR <strong>o control e a avaliaci\u00f3n da xesti\u00f3n econ\u00f3mica real\u00edzase dun modo continuo:<\/strong><\/p>\n<p>[\/vc_column_text][vc_separator type=&#8221;transparent&#8221; down=&#8221;40&#8243;][\/vc_column][\/vc_row][vc_row css_animation=&#8221;&#8221; row_type=&#8221;row&#8221; use_row_as_full_screen_section=&#8221;no&#8221; type=&#8221;full_width&#8221; angled_section=&#8221;no&#8221; text_align=&#8221;left&#8221; background_image_as_pattern=&#8221;without_pattern&#8221; css=&#8221;.vc_custom_1475742754692{margin-left: 150px !important;padding-right: 25px !important;}&#8221;][vc_column width=&#8221;1\/4&#8243;][vc_separator type=&#8221;transparent&#8221; up=&#8221;40&#8243;][vc_single_image image=&#8221;20808&#8243; img_size=&#8221;full&#8221; qode_css_animation=&#8221;&#8221;][vc_separator type=&#8221;transparent&#8221; up=&#8221;40&#8243;][\/vc_column][vc_column width=&#8221;1\/4&#8243;][vc_separator type=&#8221;transparent&#8221; up=&#8221;40&#8243;][vc_single_image image=&#8221;20530&#8243; img_size=&#8221;full&#8221; qode_css_animation=&#8221;&#8221;][vc_separator type=&#8221;transparent&#8221; up=&#8221;40&#8243;][\/vc_column][vc_column width=&#8221;1\/2&#8243;][vc_separator type=&#8221;transparent&#8221; up=&#8221;15&#8243;][vc_column_text css=&#8221;.vc_custom_1480075095882{padding-top: 25px !important;padding-right: 50px !important;padding-bottom: 50px !important;}&#8221;]<\/p>\n<ul>\n<li>A Fundaci\u00f3n audita anualmente de forma voluntaria as s\u00faas Contas Anuais.<\/li>\n<\/ul>\n<p>&nbsp;<\/p>\n<p>As contas anuais prep\u00e1ranse de acordo co marco normativo de informaci\u00f3n financeira que resulta aplicable \u00e1 Fundaci\u00f3n e, en particular, cos principios e criterios contables contidos no mesmo.<\/p>\n<p>Ditas contas pres\u00e9ntanse anualmente ante o Protectorado da Xunta de Galicia, as\u00ed como ante a Axencia Tributaria, en cumprimento dos requisitos esixidos na Lei 49\/2002.<\/p>\n<ul>\n<li>A entidade disp\u00f3n dun <strong>proceso de xesti\u00f3n econ\u00f3mica,<\/strong> control de ingresos e gastos e xesti\u00f3n de compras e provedores.<\/li>\n<\/ul>\n<p>&nbsp;<\/p>\n<ul>\n<li>Anualmente, <strong>o Padroado da entidade aproba os orzamentos, a planificaci\u00f3n e as contas anuais da entidade.<\/strong><\/li>\n<\/ul>\n<p>&nbsp;<\/p>\n<p>[\/vc_column_text][\/vc_column][\/vc_row][vc_row css_animation=&#8221;&#8221; row_type=&#8221;row&#8221; use_row_as_full_screen_section=&#8221;no&#8221; type=&#8221;grid&#8221; angled_section=&#8221;no&#8221; text_align=&#8221;left&#8221; background_image_as_pattern=&#8221;without_pattern&#8221; background_color=&#8221;#eaeaea&#8221;][vc_column width=&#8221;1\/6&#8243;][vc_column_text]<br \/>\n[\/vc_column_text][\/vc_column][vc_column width=&#8221;2\/3&#8243;][vc_empty_space][vc_column_text]<\/p>\n<ul>\n<li><strong>As doaz\u00f3ns recibidas son rexistradas<\/strong> e comunicadas formalmente \u00e1 Facenda Espa\u00f1ola (Modelo 182 Declaraci\u00f3n informativa de Doaz\u00f3ns).<\/li>\n<\/ul>\n<p>&nbsp;<\/p>\n<ul>\n<li>Os patronos da\u00a0Fundaci\u00f3n ADCOR <strong>exercen o seu cargo voluntariamente<\/strong> de forma non remunerada.<\/li>\n<\/ul>\n<p>&nbsp;<\/p>\n<ul>\n<li>A Xerencia da entidade disp\u00f3n dun <strong>acordo limitado de cesi\u00f3n de poderes<\/strong> por parte do Padroado que lle habilita para a representaci\u00f3n da organizaci\u00f3n en tr\u00e1mites administrativos, solicitude e xesti\u00f3n de proxectos e subvenci\u00f3ns e seguimento de tesourer\u00eda.<\/li>\n<\/ul>\n<p>&nbsp;<\/p>\n<ul>\n<li>Dende a implantaci\u00f3n do sistema de xesti\u00f3n de calidade baixo a norma&#8221;ISO 9001&#8243; a finais do ano 2006, a xesti\u00f3n da entidade foi evolucionando e desenvolv\u00e9ndose cada vez m\u00e1is, baixo a filosof\u00eda de mellora continua.<\/li>\n<\/ul>\n<p>[\/vc_column_text][vc_empty_space][\/vc_column][\/vc_row][vc_row css_animation=&#8221;&#8221; row_type=&#8221;row&#8221; use_row_as_full_screen_section=&#8221;no&#8221; type=&#8221;grid&#8221; angled_section=&#8221;no&#8221; text_align=&#8221;left&#8221; background_image_as_pattern=&#8221;without_pattern&#8221;][vc_column width=&#8221;2\/3&#8243;][vc_empty_space][vc_single_image image=&#8221;21051&#8243; img_size=&#8221;full&#8221; alignment=&#8221;right&#8221; qode_css_animation=&#8221;&#8221;][vc_empty_space][\/vc_column][vc_column width=&#8221;1\/3&#8243;][vc_separator type=&#8221;transparent&#8221; up=&#8221;25&#8243;][vc_column_text]<\/p>\n<p>No 2016, a Fundaci\u00f3n ADCOR volveu conseguir o certificado de calidade, nesta ocasi\u00f3n baixo a nova norma ISO 9001:2015<\/p>\n<p>[\/vc_column_text][\/vc_column][\/vc_row][vc_row css_animation=&#8221;&#8221; row_type=&#8221;row&#8221; use_row_as_full_screen_section=&#8221;no&#8221; type=&#8221;grid&#8221; angled_section=&#8221;no&#8221; text_align=&#8221;left&#8221; background_image_as_pattern=&#8221;without_pattern&#8221; background_color=&#8221;#eaeaea&#8221;][vc_column width=&#8221;1\/6&#8243;][vc_column_text]<br \/>\n[\/vc_column_text][\/vc_column][vc_column width=&#8221;2\/3&#8243;][vc_separator type=&#8221;transparent&#8221; up=&#8221;25&#8243;][vc_column_text]<\/p>\n<h4 style=\"text-align: center;\"><strong>O equipo directivo da Fundaci\u00f3n ADCOR est\u00e1 formado polos seguintes membros:<\/strong><\/h4>\n<p>[\/vc_column_text][\/vc_column][vc_column width=&#8221;1\/6&#8243;][vc_column_text]<br \/>\n[\/vc_column_text][\/vc_column][\/vc_row][vc_row css_animation=&#8221;&#8221; row_type=&#8221;row&#8221; use_row_as_full_screen_section=&#8221;no&#8221; type=&#8221;grid&#8221; angled_section=&#8221;no&#8221; text_align=&#8221;left&#8221; background_image_as_pattern=&#8221;without_pattern&#8221; background_color=&#8221;#eaeaea&#8221;][vc_column width=&#8221;1\/2&#8243;][vc_separator type=&#8221;transparent&#8221; up=&#8221;25&#8243; down=&#8221;0&#8243;][vc_column_text]<\/p>\n<p style=\"text-align: center;\"><strong>Xerente<\/strong><\/p>\n<h2 style=\"text-align: center;\"><span style=\"color: #cc8b3f;\"> Margarita Garrido Fern\u00e1ndez<\/span><\/h2>\n<p>&nbsp;<\/p>\n<p style=\"text-align: center;\"><strong>Adxunto Direcci\u00f3n<\/strong><\/p>\n<h2 style=\"text-align: center;\"><span style=\"color: #cc8b3f;\">Vanessa Seoane Pedreira<\/span><\/h2>\n<p>&nbsp;<\/p>\n<p style=\"text-align: center;\"><strong>Responsable de Administraci\u00f3n<\/strong><\/p>\n<h2 style=\"text-align: center;\"><span style=\"color: #cc8b3f;\">Teresa Rey Mart\u00ednez<\/span><\/h2>\n<p>&nbsp;<\/p>\n<p style=\"text-align: center;\"><strong>Responsable de Calidade<\/strong><\/p>\n<p style=\"text-align: center;\"><strong>Coordinadora de Centros e Servizos<\/strong><\/p>\n<h2 style=\"text-align: center;\"><span style=\"color: #cc8b3f;\">Margarita Barrera V\u00e1zquez<\/span><\/h2>\n<p>&nbsp;<\/p>\n<p>[\/vc_column_text][vc_separator type=&#8221;transparent&#8221; up=&#8221;45&#8243;][\/vc_column][vc_column width=&#8221;1\/2&#8243;][vc_separator type=&#8221;transparent&#8221; up=&#8221;25&#8243; down=&#8221;0&#8243;][vc_column_text]<\/p>\n<p style=\"text-align: center;\"><strong>Responsable de Centro de D\u00eda<\/strong><\/p>\n<h2 style=\"text-align: center;\"><span style=\"color: #cc8b3f;\">Enca Robelo Pardo<\/span><\/h2>\n<p>&nbsp;<\/p>\n<p style=\"text-align: center;\"><strong>Responsable de Centro Ocupacional 1<\/strong><\/p>\n<h2 style=\"text-align: center;\"><span style=\"color: #cc8b3f;\">In\u00e9s Brand\u00f3n Pereira<\/span><\/h2>\n<p>&nbsp;<\/p>\n<p style=\"text-align: center;\"><strong>Responsable de Centro Ocupacional 2<\/strong><\/p>\n<h2 style=\"text-align: center;\"><span style=\"color: #cc8b3f;\">M\u00aa Jos\u00e9 Pi\u00f1eiro Dom\u00ednguez<\/span><\/h2>\n<p>&nbsp;<\/p>\n<p style=\"text-align: center;\"><strong>Responsable de Centro\u00a0Residencial<\/strong><\/p>\n<h2 style=\"text-align: center;\"><span style=\"color: #cc8b3f;\">Cristina Crespo Blanco<\/span><\/h2>\n<p>&nbsp;<\/p>\n<p style=\"text-align: center;\"><strong>Traballadora Social<\/strong><\/p>\n<h2 style=\"text-align: center;\"><span style=\"color: #cc8b3f;\">Ana Buch Pi\u00f1eiro<\/span><\/h2>\n<p>[\/vc_column_text][\/vc_column][\/vc_row]<\/p>","protected":false},"excerpt":{"rendered":"<p>[vc_row css_animation=&#8221;&#8221; row_type=&#8221;row&#8221; use_row_as_full_screen_section=&#8221;no&#8221; type=&#8221;full_width&#8221; angled_section=&#8221;no&#8221; text_align=&#8221;left&#8221; background_image_as_pattern=&#8221;without_pattern&#8221;][vc_column][vc_column_text] [\/vc_column_text][\/vc_column][\/vc_row][vc_row css_animation=&#8221;&#8221; row_type=&#8221;row&#8221; use_row_as_full_screen_section=&#8221;no&#8221; type=&#8221;grid&#8221; angled_section=&#8221;no&#8221; text_align=&#8221;left&#8221; background_image_as_pattern=&#8221;without_pattern&#8221; background_color=&#8221;#ffffff&#8221; padding_top=&#8221;85&#8243; padding_bottom=&#8221;90&#8243;][vc_column][vc_column_text] Transparencia [\/vc_column_text][vc_separator type=&#8221;transparent&#8221; up=&#8221;90&#8243; down=&#8221;0&#8243;][qode_circles columns=&#8221;three_columns&#8221; circle_line=&#8221;no_line&#8221;][qode_circle type=&#8221;icon_type&#8221; icon=&#8221;fa-sticky-note-o&#8221; size=&#8221;fa-2x&#8221; link_target=&#8221;_blank&#8221; title_tag=&#8221;h5&#8243; title=&#8221;Normativa Aplicaci\u00f3n Fundaci\u00f3n Adcor&#8221; icon_color=&#8221;#cc8b3f&#8221; link=&#8221;https:\/\/www.adcor.org\/wp-content\/uploads\/Cuentas-Anuales-Fundacion-Adcor-2023-1.pdf&#8221;][qode_circle type=&#8221;icon_type&#8221; icon=&#8221;fa-sticky-note-o&#8221; size=&#8221;fa-2x&#8221; link_target=&#8221;_blank&#8221; title_tag=&#8221;h5&#8243; title=&#8221;Convenios Subvenciones Fundaci\u00f3n&#8230;<\/p>\n","protected":false},"author":2,"featured_media":0,"parent":0,"menu_order":0,"comment_status":"open","ping_status":"open","template":"full_width.php","meta":{"_monsterinsights_skip_tracking":false,"_monsterinsights_sitenote_active":false,"_monsterinsights_sitenote_note":"","_monsterinsights_sitenote_category":0},"yoast_head":"<!-- This site is optimized with the Yoast SEO plugin v18.0 - https:\/\/yoast.com\/wordpress\/plugins\/seo\/ -->\n<meta name=\"robots\" content=\"index, follow, max-snippet:-1, max-image-preview:large, max-video-preview:-1\" \/>\n<link rel=\"canonical\" href=\"https:\/\/www.adcor.org\/transparencia\/\" \/>\n<meta property=\"og:locale\" content=\"gl_ES\" \/>\n<meta property=\"og:type\" content=\"article\" \/>\n<meta property=\"og:title\" content=\"TRANSPARENCIA - ADCOR\" \/>\n<meta property=\"og:description\" content=\"[vc_row css_animation=&#8221;&#8221; row_type=&#8221;row&#8221; use_row_as_full_screen_section=&#8221;no&#8221; type=&#8221;full_width&#8221; angled_section=&#8221;no&#8221; text_align=&#8221;left&#8221; background_image_as_pattern=&#8221;without_pattern&#8221;][vc_column][vc_column_text] [\/vc_column_text][\/vc_column][\/vc_row][vc_row css_animation=&#8221;&#8221; row_type=&#8221;row&#8221; use_row_as_full_screen_section=&#8221;no&#8221; type=&#8221;grid&#8221; angled_section=&#8221;no&#8221; text_align=&#8221;left&#8221; background_image_as_pattern=&#8221;without_pattern&#8221; background_color=&#8221;#ffffff&#8221; padding_top=&#8221;85&#8243; padding_bottom=&#8221;90&#8243;][vc_column][vc_column_text] Transparencia [\/vc_column_text][vc_separator type=&#8221;transparent&#8221; up=&#8221;90&#8243; down=&#8221;0&#8243;][qode_circles columns=&#8221;three_columns&#8221; circle_line=&#8221;no_line&#8221;][qode_circle type=&#8221;icon_type&#8221; icon=&#8221;fa-sticky-note-o&#8221; size=&#8221;fa-2x&#8221; link_target=&#8221;_blank&#8221; title_tag=&#8221;h5&#8243; title=&#8221;Normativa Aplicaci\u00f3n Fundaci\u00f3n Adcor&#8221; icon_color=&#8221;#cc8b3f&#8221; link=&#8221;https:\/\/www.adcor.org\/wp-content\/uploads\/Cuentas-Anuales-Fundacion-Adcor-2023-1.pdf&#8221;][qode_circle type=&#8221;icon_type&#8221; icon=&#8221;fa-sticky-note-o&#8221; size=&#8221;fa-2x&#8221; link_target=&#8221;_blank&#8221; title_tag=&#8221;h5&#8243; title=&#8221;Convenios Subvenciones Fundaci\u00f3n...\" \/>\n<meta property=\"og:url\" content=\"https:\/\/www.adcor.org\/transparencia\/\" \/>\n<meta property=\"og:site_name\" content=\"ADCOR\" \/>\n<meta property=\"article:modified_time\" content=\"2025-07-18T08:44:08+00:00\" \/>\n<meta name=\"twitter:card\" content=\"summary_large_image\" \/>\n<meta name=\"twitter:label1\" content=\"Tempo de lectura\" \/>\n\t<meta name=\"twitter:data1\" content=\"4 minutos\" \/>\n<script type=\"application\/ld+json\" class=\"yoast-schema-graph\">{\"@context\":\"https:\/\/schema.org\",\"@graph\":[{\"@type\":\"WebSite\",\"@id\":\"https:\/\/www.adcor.org\/#website\",\"url\":\"https:\/\/www.adcor.org\/\",\"name\":\"ADCOR\",\"description\":\"Fundaci\u00f3n ADCOR\",\"potentialAction\":[{\"@type\":\"SearchAction\",\"target\":{\"@type\":\"EntryPoint\",\"urlTemplate\":\"https:\/\/www.adcor.org\/?s={search_term_string}\"},\"query-input\":\"required name=search_term_string\"}],\"inLanguage\":\"gl-ES\"},{\"@type\":\"WebPage\",\"@id\":\"https:\/\/www.adcor.org\/transparencia\/#webpage\",\"url\":\"https:\/\/www.adcor.org\/transparencia\/\",\"name\":\"TRANSPARENCIA - ADCOR\",\"isPartOf\":{\"@id\":\"https:\/\/www.adcor.org\/#website\"},\"datePublished\":\"2023-07-31T10:09:47+00:00\",\"dateModified\":\"2025-07-18T08:44:08+00:00\",\"breadcrumb\":{\"@id\":\"https:\/\/www.adcor.org\/transparencia\/#breadcrumb\"},\"inLanguage\":\"gl-ES\",\"potentialAction\":[{\"@type\":\"ReadAction\",\"target\":[\"https:\/\/www.adcor.org\/transparencia\/\"]}]},{\"@type\":\"BreadcrumbList\",\"@id\":\"https:\/\/www.adcor.org\/transparencia\/#breadcrumb\",\"itemListElement\":[{\"@type\":\"ListItem\",\"position\":1,\"name\":\"Portada\",\"item\":\"https:\/\/www.adcor.org\/\"},{\"@type\":\"ListItem\",\"position\":2,\"name\":\"TRANSPARENCIA\"}]}]}<\/script>\n<!-- \/ Yoast SEO plugin. -->","yoast_head_json":{"robots":{"index":"index","follow":"follow","max-snippet":"max-snippet:-1","max-image-preview":"max-image-preview:large","max-video-preview":"max-video-preview:-1"},"canonical":"https:\/\/www.adcor.org\/transparencia\/","og_locale":"gl_ES","og_type":"article","og_title":"TRANSPARENCIA - ADCOR","og_description":"[vc_row css_animation=&#8221;&#8221; row_type=&#8221;row&#8221; use_row_as_full_screen_section=&#8221;no&#8221; type=&#8221;full_width&#8221; angled_section=&#8221;no&#8221; text_align=&#8221;left&#8221; background_image_as_pattern=&#8221;without_pattern&#8221;][vc_column][vc_column_text] [\/vc_column_text][\/vc_column][\/vc_row][vc_row css_animation=&#8221;&#8221; row_type=&#8221;row&#8221; use_row_as_full_screen_section=&#8221;no&#8221; type=&#8221;grid&#8221; angled_section=&#8221;no&#8221; text_align=&#8221;left&#8221; background_image_as_pattern=&#8221;without_pattern&#8221; background_color=&#8221;#ffffff&#8221; padding_top=&#8221;85&#8243; padding_bottom=&#8221;90&#8243;][vc_column][vc_column_text] Transparencia [\/vc_column_text][vc_separator type=&#8221;transparent&#8221; up=&#8221;90&#8243; down=&#8221;0&#8243;][qode_circles columns=&#8221;three_columns&#8221; circle_line=&#8221;no_line&#8221;][qode_circle type=&#8221;icon_type&#8221; icon=&#8221;fa-sticky-note-o&#8221; size=&#8221;fa-2x&#8221; link_target=&#8221;_blank&#8221; title_tag=&#8221;h5&#8243; title=&#8221;Normativa Aplicaci\u00f3n Fundaci\u00f3n Adcor&#8221; icon_color=&#8221;#cc8b3f&#8221; link=&#8221;https:\/\/www.adcor.org\/wp-content\/uploads\/Cuentas-Anuales-Fundacion-Adcor-2023-1.pdf&#8221;][qode_circle type=&#8221;icon_type&#8221; icon=&#8221;fa-sticky-note-o&#8221; size=&#8221;fa-2x&#8221; link_target=&#8221;_blank&#8221; title_tag=&#8221;h5&#8243; title=&#8221;Convenios Subvenciones Fundaci\u00f3n...","og_url":"https:\/\/www.adcor.org\/transparencia\/","og_site_name":"ADCOR","article_modified_time":"2025-07-18T08:44:08+00:00","twitter_card":"summary_large_image","twitter_misc":{"Tempo de lectura":"4 minutos"},"schema":{"@context":"https:\/\/schema.org","@graph":[{"@type":"WebSite","@id":"https:\/\/www.adcor.org\/#website","url":"https:\/\/www.adcor.org\/","name":"ADCOR","description":"Fundaci\u00f3n ADCOR","potentialAction":[{"@type":"SearchAction","target":{"@type":"EntryPoint","urlTemplate":"https:\/\/www.adcor.org\/?s={search_term_string}"},"query-input":"required name=search_term_string"}],"inLanguage":"gl-ES"},{"@type":"WebPage","@id":"https:\/\/www.adcor.org\/transparencia\/#webpage","url":"https:\/\/www.adcor.org\/transparencia\/","name":"TRANSPARENCIA - ADCOR","isPartOf":{"@id":"https:\/\/www.adcor.org\/#website"},"datePublished":"2023-07-31T10:09:47+00:00","dateModified":"2025-07-18T08:44:08+00:00","breadcrumb":{"@id":"https:\/\/www.adcor.org\/transparencia\/#breadcrumb"},"inLanguage":"gl-ES","potentialAction":[{"@type":"ReadAction","target":["https:\/\/www.adcor.org\/transparencia\/"]}]},{"@type":"BreadcrumbList","@id":"https:\/\/www.adcor.org\/transparencia\/#breadcrumb","itemListElement":[{"@type":"ListItem","position":1,"name":"Portada","item":"https:\/\/www.adcor.org\/"},{"@type":"ListItem","position":2,"name":"TRANSPARENCIA"}]}]}},"_links":{"self":[{"href":"https:\/\/www.adcor.org\/gl\/wp-json\/wp\/v2\/pages\/22368"}],"collection":[{"href":"https:\/\/www.adcor.org\/gl\/wp-json\/wp\/v2\/pages"}],"about":[{"href":"https:\/\/www.adcor.org\/gl\/wp-json\/wp\/v2\/types\/page"}],"author":[{"embeddable":true,"href":"https:\/\/www.adcor.org\/gl\/wp-json\/wp\/v2\/users\/2"}],"replies":[{"embeddable":true,"href":"https:\/\/www.adcor.org\/gl\/wp-json\/wp\/v2\/comments?post=22368"}],"version-history":[{"count":28,"href":"https:\/\/www.adcor.org\/gl\/wp-json\/wp\/v2\/pages\/22368\/revisions"}],"predecessor-version":[{"id":23251,"href":"https:\/\/www.adcor.org\/gl\/wp-json\/wp\/v2\/pages\/22368\/revisions\/23251"}],"wp:attachment":[{"href":"https:\/\/www.adcor.org\/gl\/wp-json\/wp\/v2\/media?parent=22368"}],"curies":[{"name":"wp","href":"https:\/\/api.w.org\/{rel}","templated":true}]}}